{"id":837,"date":"2020-01-22T12:28:58","date_gmt":"2020-01-22T11:28:58","guid":{"rendered":"https:\/\/rozenice.hr\/galerija-slika\/"},"modified":"2020-07-28T16:57:22","modified_gmt":"2020-07-28T14:57:22","slug":"image-gallery","status":"publish","type":"page","link":"https:\/\/rozenice.hr\/en\/image-gallery\/","title":{"rendered":"Image gallery"},"content":{"rendered":"<section class=\"wpb-content-wrapper\"><p>[vc_row][vc_column]<div class=\"column_filters\"><div id=\"Filters\" class=\"isotope-filters filters4portfolio\" data-parent=\"column_filters\"><div class=\"mcb-column-inner\"><div class=\"filters_wrapper\"><ul class=\"categories\"><li class=\"reset current-cat\"><a class=\"all\" data-rel=\"*\" href=\"#\">Sve<\/a><\/li><li class=\"2018-year\"><a data-rel=\".category-2018-year\" href=\"https:\/\/rozenice.hr\/en\/portfolio-types\/2018-year\/\">2018 year<\/a><\/li><li class=\"2019-year\"><a data-rel=\".category-2019-year\" href=\"https:\/\/rozenice.hr\/en\/portfolio-types\/2019-year\/\">2019 year<\/a><\/li><li class=\"2020-year\"><a data-rel=\".category-2020-year\" href=\"https:\/\/rozenice.hr\/en\/portfolio-types\/2020-year\/\">2020 year<\/a><\/li><\/ul><\/div><\/div><\/div>\n<div class=\"portfolio_wrapper element_classes isotope_wrapper \"><ul class=\"portfolio_group lm_wrapper isotope col-4 grid\"><li class=\"portfolio-item isotope-item category-2020-year  has-thumbnail\"><div class=\"portfolio-item-fw-bg\" style=\"\"><div class=\"portfolio-item-fill\"><\/div><div class=\"list_style_header\"><h3 class=\"entry-title\" itemprop=\"headline\"><a class=\"link\" href=\"https:\/\/rozenice.hr\/en\/portfolio-item\/vjeruj-u-ljubav-2020\/\">Vjeruj u ljubav 2020.<\/a><\/h3><div class=\"links_wrapper\"><a href=\"#\" class=\"button the-icon portfolio_prev_js\"><span class=\"button_icon\"><i class=\"icon-up-open\" aria-label=\"previous project\"><\/i><\/span><\/a><a href=\"#\" class=\"button the-icon portfolio_next_js\"><span class=\"button_icon\"><i class=\"icon-down-open\" aria-label=\"next project\"><\/i><\/span><\/a><a href=\"https:\/\/rozenice.hr\/en\/portfolio-item\/vjeruj-u-ljubav-2020\/\" class=\"button button_theme has-icon\"><span class=\"button_icon\"><i class=\"icon-link\" aria-label=\"all projects\"><\/i><\/span><span class=\"button_label\">Op\u0161irnije<\/span><\/a><\/div><\/div><div class=\"image_frame scale-with-grid\"><div class=\"image_wrapper\"><a href=\"https:\/\/rozenice.hr\/en\/portfolio-item\/vjeruj-u-ljubav-2020\/\"><div class=\"mask\"><\/div><img loading=\"lazy\" decoding=\"async\" width=\"960\" height=\"720\" src=\"https:\/\/rozenice.hr\/wp-content\/uploads\/2020\/04\/Pazin-22-02-Zbor-8-960x720.jpg\" class=\"scale-with-grid wp-post-image\" alt=\"\" \/><\/a><div class=\"image_links hover-title\"><a href=\"https:\/\/rozenice.hr\/en\/portfolio-item\/vjeruj-u-ljubav-2020\/\">Vjeruj u ljubav 2020.<\/a><\/div><\/div><\/div><div class=\"desc\"><div class=\"title_wrapper\"><h5 class=\"entry-title\" itemprop=\"headline\"><a class=\"link\" href=\"https:\/\/rozenice.hr\/en\/portfolio-item\/vjeruj-u-ljubav-2020\/\">Vjeruj u ljubav 2020.<\/a><\/h5><div class=\"button-love\"><a href=\"#\" class=\"mfn-love \" data-id=\"868\"><span class=\"icons-wrapper\"><i class=\"icon-heart-empty-fa\" aria-label=\"loved\"><\/i><i class=\"icon-heart-fa\" aria-label=\"loved\"><\/i><\/span><span class=\"label\">4<\/span><\/a><\/div><\/div><div class=\"details-wrapper\"><dl><\/dl><\/div><div class=\"desc-wrapper\">[vc_row][vc_column][vc_media_grid element_width=&#8221;3&#8243; grid_id=&#8221;vc_gid:1585752541582-92fb65e2-d851-8&#8243; include=&#8221;869,871,872,873,874,875,876,870,877,878,879,880,881,882,883,884,885,886,887,888,889,890,891,892,893,894,895,896,897,898,899,900,901,902,903,904,905,906,907,908,909,910,911,912,913,914,915,916,917,918,919,920,921,922,923,924,925,926,927,928,929,930,931,932,933,934,935,936,937,938,939,940,941,942,943,944,945,946,947,948,949,950,951,952,953,954,955,956,957,958,959,960,961,962,963,964,965,966,967,968,969,970,971,972,973,974,975,976,977,978,979,980,981&#8243;][\/vc_column][\/vc_row]<\/div><\/div><\/div><\/li><li class=\"portfolio-item isotope-item category-2019-year  has-thumbnail\"><div class=\"portfolio-item-fw-bg\" style=\"\"><div class=\"portfolio-item-fill\"><\/div><div class=\"list_style_header\"><h3 class=\"entry-title\" itemprop=\"headline\"><a class=\"link\" href=\"https:\/\/rozenice.hr\/en\/portfolio-item\/vjeruj-u-ljubav-2019\/\">Vjeruj u ljubav 2019.<\/a><\/h3><div class=\"links_wrapper\"><a href=\"#\" class=\"button the-icon portfolio_prev_js\"><span class=\"button_icon\"><i class=\"icon-up-open\" aria-label=\"previous project\"><\/i><\/span><\/a><a href=\"#\" class=\"button the-icon portfolio_next_js\"><span class=\"button_icon\"><i class=\"icon-down-open\" aria-label=\"next project\"><\/i><\/span><\/a><a href=\"https:\/\/rozenice.hr\/en\/portfolio-item\/vjeruj-u-ljubav-2019\/\" class=\"button button_theme has-icon\"><span class=\"button_icon\"><i class=\"icon-link\" aria-label=\"all projects\"><\/i><\/span><span class=\"button_label\">Op\u0161irnije<\/span><\/a><\/div><\/div><div class=\"image_frame scale-with-grid\"><div class=\"image_wrapper\"><a href=\"https:\/\/rozenice.hr\/en\/portfolio-item\/vjeruj-u-ljubav-2019\/\"><div class=\"mask\"><\/div><img loading=\"lazy\" decoding=\"async\" width=\"960\" height=\"720\" src=\"https:\/\/rozenice.hr\/wp-content\/uploads\/2020\/02\/VJERUJ-U-LJUBAV-ROZENICE-ZBOR-198-960x720.jpg\" class=\"scale-with-grid wp-post-image\" alt=\"\" \/><\/a><div class=\"image_links hover-title\"><a href=\"https:\/\/rozenice.hr\/en\/portfolio-item\/vjeruj-u-ljubav-2019\/\">Vjeruj u ljubav 2019.<\/a><\/div><\/div><\/div><div class=\"desc\"><div class=\"title_wrapper\"><h5 class=\"entry-title\" itemprop=\"headline\"><a class=\"link\" href=\"https:\/\/rozenice.hr\/en\/portfolio-item\/vjeruj-u-ljubav-2019\/\">Vjeruj u ljubav 2019.<\/a><\/h5><div class=\"button-love\"><a href=\"#\" class=\"mfn-love \" data-id=\"983\"><span class=\"icons-wrapper\"><i class=\"icon-heart-empty-fa\" aria-label=\"loved\"><\/i><i class=\"icon-heart-fa\" aria-label=\"loved\"><\/i><\/span><span class=\"label\">3<\/span><\/a><\/div><\/div><div class=\"details-wrapper\"><dl><\/dl><\/div><div class=\"desc-wrapper\">[vc_row][vc_column][vc_masonry_media_grid element_width=&#8221;3&#8243; grid_id=&#8221;vc_gid:1586542996139-659f731a-8901-5&#8243; include=&#8221;984,986,987,988,989,990,991,992,993,994,995,996,997,998,999,1000,1001,1002,1003,1004,1005,1006,1007,1008,1009,1010,1011,1012,1013,1014,1015,1016,1017,1018,1019,1020,1021,1022,1023,1024,1025,1026,1027,1028,1029,1030,1031,1032,1033,1034,1035,1036,1037,1038,1039,1040,1041,1042,1043,1044,1045,1046,1047,1048,1049,1050,1051,1052,1053,1054,1055,1056,1057,1058,1059,1060,1061,1062,1063,1064,1065,1066,1067,1068,1069,1070,1071,1072,1073,1074,1075,1076,1077,1078,1079,1080,1081,1082,1083,1084,1085,1086,1087,1088,1089,1090,1091,1092,1093,1094,1095,1096,1097,1098,1099,1100,1101,1102,1103,1104,1105,1106,1107,1108,1109,1110,1111,1112,1113,1114,1115,1116,1117,1118,1119,1120,1121,1122,1123,1124,1125,1126,1127,1128,1129,985,1130,1131,1132,1133,1134,1135,1136,1137,1138,1139,1140,1141,1142,1143,1144,1145,1146,1147,1148,1149,1150,1151,1152,1153,1154,1155,1156,1157,1158,1159,1160,1161,1162,1163,1164,1165,1166,1167,1168,1169,1170,1171,1172,1173,1174,1175,1176,1177,1178,1179,1180,1181,1182,1183,1184,1185,1186,1187,1188,1189,1190,1191,1192,1193,1194,1195,1196,1197,1198,1199,1200,1201,1202,1203,1204,1205,1206,1207,1208,1209,1210,1211,1212,1213,1214,1215,1216,1217,1218,1219,1220,1221,1222,1223,1224&#8243;][\/vc_column][\/vc_row]<\/div><\/div><\/div><\/li><li class=\"portfolio-item isotope-item category-2018-year  has-thumbnail\"><div class=\"portfolio-item-fw-bg\" style=\"\"><div class=\"portfolio-item-fill\"><\/div><div class=\"list_style_header\"><h3 class=\"entry-title\" itemprop=\"headline\"><a class=\"link\" href=\"https:\/\/rozenice.hr\/en\/portfolio-item\/vjeruj-u-ljubav-2018\/\">Vjeruj u ljubav 2018.<\/a><\/h3><div class=\"links_wrapper\"><a href=\"#\" class=\"button the-icon portfolio_prev_js\"><span class=\"button_icon\"><i class=\"icon-up-open\" aria-label=\"previous project\"><\/i><\/span><\/a><a href=\"#\" class=\"button the-icon portfolio_next_js\"><span class=\"button_icon\"><i class=\"icon-down-open\" aria-label=\"next project\"><\/i><\/span><\/a><a href=\"https:\/\/rozenice.hr\/en\/portfolio-item\/vjeruj-u-ljubav-2018\/\" class=\"button button_theme has-icon\"><span class=\"button_icon\"><i class=\"icon-link\" aria-label=\"all projects\"><\/i><\/span><span class=\"button_label\">Op\u0161irnije<\/span><\/a><\/div><\/div><div class=\"image_frame scale-with-grid\"><div class=\"image_wrapper\"><a href=\"https:\/\/rozenice.hr\/en\/portfolio-item\/vjeruj-u-ljubav-2018\/\"><div class=\"mask\"><\/div><img loading=\"lazy\" decoding=\"async\" width=\"960\" height=\"720\" src=\"https:\/\/rozenice.hr\/wp-content\/uploads\/2020\/04\/koncert-rozenice-2017-192-960x720.jpg\" class=\"scale-with-grid wp-post-image\" alt=\"\" \/><\/a><div class=\"image_links hover-title\"><a href=\"https:\/\/rozenice.hr\/en\/portfolio-item\/vjeruj-u-ljubav-2018\/\">Vjeruj u ljubav 2018.<\/a><\/div><\/div><\/div><div class=\"desc\"><div class=\"title_wrapper\"><h5 class=\"entry-title\" itemprop=\"headline\"><a class=\"link\" href=\"https:\/\/rozenice.hr\/en\/portfolio-item\/vjeruj-u-ljubav-2018\/\">Vjeruj u ljubav 2018.<\/a><\/h5><div class=\"button-love\"><a href=\"#\" class=\"mfn-love \" data-id=\"1226\"><span class=\"icons-wrapper\"><i class=\"icon-heart-empty-fa\" aria-label=\"loved\"><\/i><i class=\"icon-heart-fa\" aria-label=\"loved\"><\/i><\/span><span class=\"label\">4<\/span><\/a><\/div><\/div><div class=\"details-wrapper\"><dl><\/dl><\/div><div class=\"desc-wrapper\">[vc_row][vc_column][vc_masonry_media_grid element_width=&#8221;3&#8243; grid_id=&#8221;vc_gid:1585808995168-a922dd7f-0e16-0&#8243; include=&#8221;1227,1229,1230,1231,1232,1233,1234,1235,1236,1237,1238,1239,1240,1241,1242,1243,1244,1245,1246,1247,1248,1249,1250,1251,1252,1253,1254,1255,1256,1257,1258,1259,1260,1261,1262,1263,1264,1265,1266,1267,1268,1269,1270,1271,1272,1273,1274,1275,1276,1277,1278,1279,1280,1281,1282,1283,1284,1285,1286,1287,1288,1289,1290,1291,1292,1293,1294,1295,1296,1297,1298,1299,1300,1301,1302,1303,1304,1305,1306,1307,1308,1309,1310,1311,1312,1313,1314,1315,1316,1317,1318,1319,1320,1321,1322,1323,1324,1325,1326,1327,1328,1329,1330,1331,1332,1333,1334,1335,1336,1337,1338,1339,1340,1341,1342,1343,1344,1345,1346,1347,1348,1349,1350,1351,1352,1353,1354,1355,1356,1357,1358,1359,1360,1361,1362,1363,1364,1365,1366,1367,1368,1369,1370,1371,1372,1373,1374,1375,1376,1377,1378,1379,1380,1381,1382,1383,1384,1385,1386,1387,1388,1389,1390,1391,1392,1393,1394,1395,1396,1397,1398,1399,1400,1401,1402,1403,1404,1405,1406,1407,1408,1409,1410,1411,1412,1413,1414,1415,1416,1417,1418,1228,1419,1420,1421,1422,1423,1424,1425,1426,1427,1428,1429,1430,1431&#8243;][\/vc_column][\/vc_row]<\/div><\/div><\/div><\/li><\/ul><\/div>\n<\/div>\n[\/vc_column][\/vc_row]<\/p>\n<\/section>","protected":false},"excerpt":{"rendered":"<p>[vc_row][vc_column][\/vc_column][\/vc_row]<\/p>\n","protected":false},"author":1,"featured_media":0,"parent":0,"menu_order":0,"comment_status":"closed","ping_status":"closed","template":"","meta":{"footnotes":""},"class_list":["post-837","page","type-page","status-publish","hentry"],"yoast_head":"<!-- This site is optimized with the Yoast SEO plugin v25.8 - https:\/\/yoast.com\/wordpress\/plugins\/seo\/ -->\n<title>Image gallery - Ro\u017eenice.hr<\/title>\n<meta name=\"robots\" content=\"index, follow, max-snippet:-1, max-image-preview:large, max-video-preview:-1\" \/>\n<link rel=\"canonical\" href=\"https:\/\/rozenice.hr\/en\/image-gallery\/\" \/>\n<meta property=\"og:locale\" content=\"en_US\" \/>\n<meta property=\"og:type\" content=\"article\" \/>\n<meta property=\"og:title\" content=\"Image gallery - Ro\u017eenice.hr\" \/>\n<meta property=\"og:description\" content=\"[vc_row][vc_column][\/vc_column][\/vc_row]\" \/>\n<meta property=\"og:url\" content=\"https:\/\/rozenice.hr\/en\/image-gallery\/\" \/>\n<meta property=\"og:site_name\" content=\"Ro\u017eenice.hr\" \/>\n<meta property=\"article:publisher\" content=\"https:\/\/hr-hr.facebook.com\/Rozenicepazin\/\" \/>\n<meta property=\"article:modified_time\" content=\"2020-07-28T14:57:22+00:00\" \/>\n<meta name=\"twitter:card\" content=\"summary_large_image\" \/>\n<script type=\"application\/ld+json\" class=\"yoast-schema-graph\">{\"@context\":\"https:\/\/schema.org\",\"@graph\":[{\"@type\":\"WebPage\",\"@id\":\"https:\/\/rozenice.hr\/en\/image-gallery\/\",\"url\":\"https:\/\/rozenice.hr\/en\/image-gallery\/\",\"name\":\"Image gallery - Ro\u017eenice.hr\",\"isPartOf\":{\"@id\":\"https:\/\/rozenice.hr\/en\/#website\"},\"datePublished\":\"2020-01-22T11:28:58+00:00\",\"dateModified\":\"2020-07-28T14:57:22+00:00\",\"breadcrumb\":{\"@id\":\"https:\/\/rozenice.hr\/en\/image-gallery\/#breadcrumb\"},\"inLanguage\":\"en-US\",\"potentialAction\":[{\"@type\":\"ReadAction\",\"target\":[\"https:\/\/rozenice.hr\/en\/image-gallery\/\"]}]},{\"@type\":\"BreadcrumbList\",\"@id\":\"https:\/\/rozenice.hr\/en\/image-gallery\/#breadcrumb\",\"itemListElement\":[{\"@type\":\"ListItem\",\"position\":1,\"name\":\"Po\u010detna stranica\",\"item\":\"https:\/\/rozenice.hr\/en\/\"},{\"@type\":\"ListItem\",\"position\":2,\"name\":\"Image gallery\"}]},{\"@type\":\"WebSite\",\"@id\":\"https:\/\/rozenice.hr\/en\/#website\",\"url\":\"https:\/\/rozenice.hr\/en\/\",\"name\":\"Ro\u017eenice.hr\",\"description\":\"Mje\u0161oviti Pjeva\u010dki Zbor \u201cRo\u017eenice\u201d Pazin\",\"publisher\":{\"@id\":\"https:\/\/rozenice.hr\/en\/#organization\"},\"potentialAction\":[{\"@type\":\"SearchAction\",\"target\":{\"@type\":\"EntryPoint\",\"urlTemplate\":\"https:\/\/rozenice.hr\/en\/?s={search_term_string}\"},\"query-input\":{\"@type\":\"PropertyValueSpecification\",\"valueRequired\":true,\"valueName\":\"search_term_string\"}}],\"inLanguage\":\"en-US\"},{\"@type\":\"Organization\",\"@id\":\"https:\/\/rozenice.hr\/en\/#organization\",\"name\":\"Mje\u0161oviti pjeva\u010dki zbor \u201cRo\u017eenice\u201d Pazin\",\"url\":\"https:\/\/rozenice.hr\/en\/\",\"logo\":{\"@type\":\"ImageObject\",\"inLanguage\":\"en-US\",\"@id\":\"https:\/\/rozenice.hr\/en\/#\/schema\/logo\/image\/\",\"url\":\"https:\/\/rozenice.hr\/wp-content\/uploads\/2020\/04\/footer-logo-rozenice-2.png\",\"contentUrl\":\"https:\/\/rozenice.hr\/wp-content\/uploads\/2020\/04\/footer-logo-rozenice-2.png\",\"width\":550,\"height\":138,\"caption\":\"Mje\u0161oviti pjeva\u010dki zbor \u201cRo\u017eenice\u201d Pazin\"},\"image\":{\"@id\":\"https:\/\/rozenice.hr\/en\/#\/schema\/logo\/image\/\"},\"sameAs\":[\"https:\/\/hr-hr.facebook.com\/Rozenicepazin\/\",\"https:\/\/www.instagram.com\/rozeniceofficial\/\",\"https:\/\/www.youtube.com\/channel\/UCJUvwYuzIxUFjQNH_6XaTTQ\/about\"]}]}<\/script>\n<!-- \/ Yoast SEO plugin. -->","yoast_head_json":{"title":"Image gallery - Ro\u017eenice.hr","robots":{"index":"index","follow":"follow","max-snippet":"max-snippet:-1","max-image-preview":"max-image-preview:large","max-video-preview":"max-video-preview:-1"},"canonical":"https:\/\/rozenice.hr\/en\/image-gallery\/","og_locale":"en_US","og_type":"article","og_title":"Image gallery - Ro\u017eenice.hr","og_description":"[vc_row][vc_column][\/vc_column][\/vc_row]","og_url":"https:\/\/rozenice.hr\/en\/image-gallery\/","og_site_name":"Ro\u017eenice.hr","article_publisher":"https:\/\/hr-hr.facebook.com\/Rozenicepazin\/","article_modified_time":"2020-07-28T14:57:22+00:00","twitter_card":"summary_large_image","schema":{"@context":"https:\/\/schema.org","@graph":[{"@type":"WebPage","@id":"https:\/\/rozenice.hr\/en\/image-gallery\/","url":"https:\/\/rozenice.hr\/en\/image-gallery\/","name":"Image gallery - Ro\u017eenice.hr","isPartOf":{"@id":"https:\/\/rozenice.hr\/en\/#website"},"datePublished":"2020-01-22T11:28:58+00:00","dateModified":"2020-07-28T14:57:22+00:00","breadcrumb":{"@id":"https:\/\/rozenice.hr\/en\/image-gallery\/#breadcrumb"},"inLanguage":"en-US","potentialAction":[{"@type":"ReadAction","target":["https:\/\/rozenice.hr\/en\/image-gallery\/"]}]},{"@type":"BreadcrumbList","@id":"https:\/\/rozenice.hr\/en\/image-gallery\/#breadcrumb","itemListElement":[{"@type":"ListItem","position":1,"name":"Po\u010detna stranica","item":"https:\/\/rozenice.hr\/en\/"},{"@type":"ListItem","position":2,"name":"Image gallery"}]},{"@type":"WebSite","@id":"https:\/\/rozenice.hr\/en\/#website","url":"https:\/\/rozenice.hr\/en\/","name":"Ro\u017eenice.hr","description":"Mje\u0161oviti Pjeva\u010dki Zbor \u201cRo\u017eenice\u201d Pazin","publisher":{"@id":"https:\/\/rozenice.hr\/en\/#organization"},"potentialAction":[{"@type":"SearchAction","target":{"@type":"EntryPoint","urlTemplate":"https:\/\/rozenice.hr\/en\/?s={search_term_string}"},"query-input":{"@type":"PropertyValueSpecification","valueRequired":true,"valueName":"search_term_string"}}],"inLanguage":"en-US"},{"@type":"Organization","@id":"https:\/\/rozenice.hr\/en\/#organization","name":"Mje\u0161oviti pjeva\u010dki zbor \u201cRo\u017eenice\u201d Pazin","url":"https:\/\/rozenice.hr\/en\/","logo":{"@type":"ImageObject","inLanguage":"en-US","@id":"https:\/\/rozenice.hr\/en\/#\/schema\/logo\/image\/","url":"https:\/\/rozenice.hr\/wp-content\/uploads\/2020\/04\/footer-logo-rozenice-2.png","contentUrl":"https:\/\/rozenice.hr\/wp-content\/uploads\/2020\/04\/footer-logo-rozenice-2.png","width":550,"height":138,"caption":"Mje\u0161oviti pjeva\u010dki zbor \u201cRo\u017eenice\u201d Pazin"},"image":{"@id":"https:\/\/rozenice.hr\/en\/#\/schema\/logo\/image\/"},"sameAs":["https:\/\/hr-hr.facebook.com\/Rozenicepazin\/","https:\/\/www.instagram.com\/rozeniceofficial\/","https:\/\/www.youtube.com\/channel\/UCJUvwYuzIxUFjQNH_6XaTTQ\/about"]}]}},"_links":{"self":[{"href":"https:\/\/rozenice.hr\/en\/wp-json\/wp\/v2\/pages\/837","targetHints":{"allow":["GET"]}}],"collection":[{"href":"https:\/\/rozenice.hr\/en\/wp-json\/wp\/v2\/pages"}],"about":[{"href":"https:\/\/rozenice.hr\/en\/wp-json\/wp\/v2\/types\/page"}],"author":[{"embeddable":true,"href":"https:\/\/rozenice.hr\/en\/wp-json\/wp\/v2\/users\/1"}],"replies":[{"embeddable":true,"href":"https:\/\/rozenice.hr\/en\/wp-json\/wp\/v2\/comments?post=837"}],"version-history":[{"count":2,"href":"https:\/\/rozenice.hr\/en\/wp-json\/wp\/v2\/pages\/837\/revisions"}],"predecessor-version":[{"id":866,"href":"https:\/\/rozenice.hr\/en\/wp-json\/wp\/v2\/pages\/837\/revisions\/866"}],"wp:attachment":[{"href":"https:\/\/rozenice.hr\/en\/wp-json\/wp\/v2\/media?parent=837"}],"curies":[{"name":"wp","href":"https:\/\/api.w.org\/{rel}","templated":true}]}}