{"id":840,"date":"2017-05-30T09:27:45","date_gmt":"2017-05-30T07:27:45","guid":{"rendered":"https:\/\/rozenice.hr\/koncerti\/"},"modified":"2020-08-03T18:26:55","modified_gmt":"2020-08-03T16:26:55","slug":"concerts","status":"publish","type":"page","link":"https:\/\/rozenice.hr\/en\/concerts\/","title":{"rendered":"Concerts"},"content":{"rendered":"<section class=\"wpb-content-wrapper\"><p>[vc_row][vc_column][vc_column_text]<\/p>\n<h4><strong>\u201eVjeruj u ljubav\u201c (&#8220;Believe in love&#8221;) choral music and stage spectacle of the Ro\u017eenice Choir <\/strong><\/h4>\n<p>&#8220;Believe in love&#8221; is an entertaining choir concert created in 2016 by Ines Kova\u010di\u0107 Drndi\u0107 in collaboration with the singers of the Ro\u017eenice Choir in order to bring the Choir even closer to the audience and thus attract new singers of the younger generation among its members. Already after the first year of the concert, it was realized that the project will have a bright future because it was extremely accepted by the audience and since then the concert is traditionally held in February on the occasion of Valentine&#8217;s Day, Valentine&#8217;s Day. The concert program includes love songs of various styles with an emphasis on fun popular music performed by the Choir accompanied by excellent musicians. Since 2018, the accompanying band Zbor has a rich instrumental ensemble (piano, solo guitar, bass guitar, percussion and violin).<\/p>\n<p>The first concert &#8220;Believe in love&#8221; was held on Valentine&#8217;s Day, February 14, 2016 in the small hall of the Pazin Memorial Home, which can accommodate up to 250 people. As more space was needed at the first concert, after the next concert held by the Choir on February 17, 2017, it was clear that the concert should be moved to a large concert hall, which is a great challenge for the production of the concert. In 2018, the choir bravely started the realization of the concert in the large concert hall of the Memorial House, which can accommodate more than 600 visitors. The exceptional success of the concert held by the Choir on February 16, 2018 gave the wind in the back and confirmation to the Choir that their project is high quality and well recognized by the audience and the media. Since then, the concerts have been held in a large hall that the audience regularly fills to the last seat. The next concerts were held on February 23, 2019 and February 22, 2020. That the Mixed Choir &#8220;Ro\u017eenice&#8221; is doing something especially good and different at the concert &#8220;Believe in love&#8221; is proved by the fact that even a week before the concert, the large hall of the Pazin Memorial House is completely sold out.<\/p>\n<p>Fun love hits that can otherwise be heard on radio stations, in a choir arrangement accompanied by professional musicians and carefully selected guests become a real musical treat and the concept of the concert with charismatic hosts takes on a much wider scope than a pure music program. With the technical support of Vedras d.o.o. tonal and scenic elements have been brought to the level of the most modern concerts, thus deepening the visual feeling of the song with the help of a video wall.<\/p>\n<p>The fact that Luka Krul\u010di\u0107 was the only soloist of the choir at the first concerts and in 2020 Diana Krizmani\u0107, Petra Kuhar, Nina Mareti\u0107, Anja Fakin, Anna Drndi\u0107, Kruna Mrak, Leon Merleta, Neven Tur\u010dinovi\u0107, Deni Erik, Goran Fabris and Miljenko Ladavac join him in solo roles, proves how much the singers within the Ro\u017eenica Choir are progressing with the help of conductor Ines Kova\u010di\u0107 Drndi\u0107.<\/p>\n<p>At the concert &#8220;Believe in Love&#8221; in a two-hour program with the Choir Ro\u017eenice perform special guests who already have important media coverage and thus ensure the high attractiveness of the project for all generations of audiences and fans of different styles of pop and pop music. The audience can thus enjoy the choral arrangements of songs by the most famous domestic and foreign singers. It is interesting to note that the famous Istrian composer Damir Grgurovi\u0107 Grga composed the song &#8220;Viruj u ljubav&#8221; for the Ro\u017eenica Choir, which the Choir performed for the first time at the Believe in Love concert on February 22, 2020. The ceremony was the conclusion of the 40th anniversaries of the successful continuous work of the Choir.<\/p>\n<p>The Ro\u017eenica Choir takes a short break at the concert while the youngest guests perform, the children&#8217;s choir &#8220;Little of St. Juraj \u201dfrom Pazin and with them Ro\u017eenice always have attractive surprise guests. Thus, in 2018, Mia Dim\u0161i\u0107 was a guest, in 2019 Franka Bateli\u0107, in 2020 Bojan Jambro\u0161i\u0107. The hosts of the concert are the charismatic opera singer and media personality Ronald Braus and the famous TV presenter Frano Ridjan. The concert was broadcast live by HRT Pula in 2019 and by Radio Istra in 2020.[\/vc_column_text][\/vc_column][\/vc_row][vc_row][vc_column][vc_column_text]<\/p>\n<h4>All concerts in 2019<\/h4>\n<p>[\/vc_column_text][vc_column_text]<strong>List of performances and concerts in 2019.<\/strong><\/p>\n<table>\n<thead>\n<tr>\n<td width=\"77\"><strong>Date of performance<\/strong><\/td>\n<td width=\"198\"><strong>Organizer<\/strong><\/td>\n<td width=\"321\"><strong>The reason for the performance<\/strong><\/td>\n<td width=\"266\"><strong>Place of performance<\/strong><\/td>\n<\/tr>\n<\/thead>\n<tbody>\n<tr>\n<td width=\"77\">23.02.2019.<\/td>\n<td width=\"198\">Ro\u017eenice<\/td>\n<td width=\"321\">Vjeruj u ljubav 2019<\/td>\n<td width=\"266\">Pazin, velika konc dvorana Spomen doma<\/td>\n<\/tr>\n<tr>\n<td width=\"77\">04.03.2019.<\/td>\n<td width=\"198\">UAB Pazin<\/td>\n<td width=\"321\">Promocija knjige o Vladimiru Gortanu<\/td>\n<td width=\"266\">Pazin, Spomen dom, dvorana Istra<\/td>\n<\/tr>\n<tr>\n<td width=\"77\">29.03.2019.<\/td>\n<td width=\"198\">\u017dupanija istarska<\/td>\n<td width=\"321\">Dan statuta \u017dI<\/td>\n<td width=\"266\">Pore\u010d, sabornica<\/td>\n<\/tr>\n<tr>\n<td width=\"77\">04.05.2019.<\/td>\n<td width=\"198\">Ars Cultura<\/td>\n<td width=\"321\">FAKS Sings festival 2019 Vol 1<\/td>\n<td width=\"266\">Pazin, Spomen dom, velika konc. dvorana<\/td>\n<\/tr>\n<tr>\n<td width=\"77\">11.05.2019.<\/td>\n<td width=\"198\">Ars Cultura<\/td>\n<td width=\"321\">FAKS Sings festival 2019 Vol 2<\/td>\n<td width=\"266\">Pazin, Spomen dom, velika konc. dvorana<\/td>\n<\/tr>\n<tr>\n<td width=\"77\">12.05.2019.<\/td>\n<td width=\"198\">\u017dupa sv. Nikole Pazin<\/td>\n<td width=\"321\">Sve\u010dana sveta misa, krizma 2019<\/td>\n<td width=\"266\">Pazin, \u017eupna crkva<\/td>\n<\/tr>\n<tr>\n<td width=\"77\">26.05.2019.<\/td>\n<td width=\"198\">Music&amp;Friends<\/td>\n<td width=\"321\">Festival Cantate Croatia<\/td>\n<td width=\"266\">Rovinj, kazali\u0161te Gandusio<\/td>\n<\/tr>\n<tr>\n<td width=\"77\">31.05.2019.<\/td>\n<td width=\"198\">Grad Pazin<\/td>\n<td width=\"321\">Sve\u010dana sjednica Gradskog vije\u0107a &#8211; Dan Grada<\/td>\n<td width=\"266\">Pazin, S Dom, Dvorana Istra<\/td>\n<\/tr>\n<tr>\n<td width=\"77\">31.05.2019.<\/td>\n<td width=\"198\">Grad Pazin i POU Pazin<\/td>\n<td width=\"321\">Dan Grada 2019<\/td>\n<td width=\"266\">Pazin, S Dom , velika dvorana<\/td>\n<\/tr>\n<tr>\n<td width=\"77\">13.06.2019.<\/td>\n<td width=\"198\">The Spirit<\/td>\n<td width=\"321\">Godi\u0161nja produkcija<\/td>\n<td width=\"266\">Pazin, Spomen dom, velika dvorana<\/td>\n<\/tr>\n<tr>\n<td width=\"77\">05.07.2019.<\/td>\n<td width=\"198\">Corale San Marco<\/td>\n<td width=\"321\">Musica sacra, Belluno 2019<\/td>\n<td width=\"266\">Belluno, Italija<\/td>\n<\/tr>\n<tr>\n<td width=\"77\">05.07.2019.<\/td>\n<td width=\"198\">Corale San Mrco<\/td>\n<td width=\"321\">Musica sacra 2019. Belluno<\/td>\n<td width=\"266\">Belluno (Italia), crkva sv. Marije Mussoi<\/td>\n<\/tr>\n<tr>\n<td width=\"77\">06.07.2019.<\/td>\n<td width=\"198\">Corale san Marco<\/td>\n<td width=\"321\">Musica sacra 2019. Belluno<\/td>\n<td width=\"266\">Belluno (Italia), crkva sv. Martina<\/td>\n<\/tr>\n<tr>\n<td width=\"77\">10.08.2019.<\/td>\n<td width=\"198\">Ronald Braus<\/td>\n<td width=\"321\">No\u0107 sv. Lovre<\/td>\n<td width=\"266\">Rovinj, ispred Franjeva\u010dkog samostana<\/td>\n<\/tr>\n<tr>\n<td width=\"77\">13.09.2019.<\/td>\n<td width=\"198\">Grad Pazin<\/td>\n<td width=\"321\">Rujanske sve\u010danosti 2019<\/td>\n<td width=\"266\">Pazin, Spomen dom, mala konc. dvorana<\/td>\n<\/tr>\n<tr>\n<td width=\"77\">21.09.2019.<\/td>\n<td width=\"198\">\u017dupa sv. Matej &#8211; Cere<\/td>\n<td width=\"321\">Matejina 2019<\/td>\n<td width=\"266\">Cere, \u017eupna crkva<\/td>\n<\/tr>\n<tr>\n<td width=\"77\">21.09.2019.<\/td>\n<td width=\"198\">Mjesni odbor Cere<\/td>\n<td width=\"321\">Matejina 2019<\/td>\n<td width=\"266\">Cere, \u0161ator<\/td>\n<\/tr>\n<tr>\n<td width=\"77\">05.10.2019.<\/td>\n<td width=\"198\">Oriana Vozila<\/td>\n<td width=\"321\">35. godi\u0161njica umjetni\u010dkog rada<\/td>\n<td width=\"266\">Rovinj, dvorana MMC-a<\/td>\n<\/tr>\n<tr>\n<td width=\"77\">13.10.2019.<\/td>\n<td width=\"198\">Ars Cultura<\/td>\n<td width=\"321\">Festival Musica sacra<\/td>\n<td width=\"266\">Rovinj, crkva sv Eufemije<\/td>\n<\/tr>\n<tr>\n<td width=\"77\">13.11.2019.<\/td>\n<td width=\"198\">GS\u0160 Jurja Dobrile<\/td>\n<td width=\"321\">120. godi\u0161njica gimnazije<\/td>\n<td width=\"266\">Pazin, \u017eupna crkva sv. Nikole<\/td>\n<\/tr>\n<tr>\n<td width=\"77\">30.11.2019.<\/td>\n<td width=\"198\">Caritas<\/td>\n<td width=\"321\">Humanitarni koncert<\/td>\n<td width=\"266\">Pazin sportska dvorana Kolegija<\/td>\n<\/tr>\n<tr>\n<td width=\"77\">04.12.2019.<\/td>\n<td width=\"198\">Zajednica talijana Pazin<\/td>\n<td width=\"321\">Promocija knjige Prvo planinarsko dru\u0161tvo u Istri<\/td>\n<td width=\"266\">Pazin, prostor ZT<\/td>\n<\/tr>\n<tr>\n<td width=\"77\">06.12.2019.<\/td>\n<td width=\"198\">\u017dupni ured sv. Nikole Pazin<\/td>\n<td width=\"321\">Sveti Nikola 2019<\/td>\n<td width=\"266\">Pazin, \u017eupna crkva<\/td>\n<\/tr>\n<tr>\n<td width=\"77\">15.12.2019.<\/td>\n<td width=\"198\">Zbor Rijeka &#8211; Sempre Allegro<\/td>\n<td width=\"321\">Bo\u017ei\u0107ni koncert<\/td>\n<td width=\"266\">Rijeka, Kapucinska crkva<\/td>\n<\/tr>\n<tr>\n<td width=\"77\">20.12.2019.<\/td>\n<td width=\"198\">Limena glazba Pazin<\/td>\n<td width=\"321\">Bo\u017ei\u0107no-novogodi\u0161nji koncert LG 2019<\/td>\n<td width=\"266\">Pazin, Spomen dom, velika konc dvorana<\/td>\n<\/tr>\n<tr>\n<td width=\"77\">26.12.2019.<\/td>\n<td width=\"198\">Grad Zagreb<\/td>\n<td width=\"321\">Bo\u017ei\u0107 u Ciboni 2019<\/td>\n<td width=\"266\">Zagreb, dvorana Dra\u017een Petrovi\u0107<\/td>\n<\/tr>\n<tr>\n<td width=\"77\">29.12.2019.<\/td>\n<td width=\"198\">\u017dupa \u017dminj<\/td>\n<td width=\"321\">Bo\u017ei\u0107ni koncert<\/td>\n<td width=\"266\">\u017dminj, \u017eupna crkva<\/td>\n<\/tr>\n<\/tbody>\n<\/table>\n<p>[\/vc_column_text][\/vc_column][\/vc_row]<\/p>\n<\/section>","protected":false},"excerpt":{"rendered":"<p>[vc_row][vc_column][vc_column_text] \u201eVjeruj u ljubav\u201c (&#8220;Believe in love&#8221;) choral music and stage spectacle of the Ro\u017eenice Choir &#8220;Believe in love&#8221; is an entertaining choir concert created in<span class=\"excerpt-hellip\"> [\u2026]<\/span><\/p>\n","protected":false},"author":1,"featured_media":0,"parent":0,"menu_order":0,"comment_status":"closed","ping_status":"closed","template":"","meta":{"footnotes":""},"class_list":["post-840","page","type-page","status-publish","hentry"],"yoast_head":"<!-- This site is optimized with the Yoast SEO plugin v25.8 - https:\/\/yoast.com\/wordpress\/plugins\/seo\/ -->\n<title>Concerts - Ro\u017eenice.hr<\/title>\n<meta name=\"robots\" content=\"index, follow, max-snippet:-1, max-image-preview:large, max-video-preview:-1\" \/>\n<link rel=\"canonical\" href=\"https:\/\/rozenice.hr\/en\/concerts\/\" \/>\n<meta property=\"og:locale\" content=\"en_US\" \/>\n<meta property=\"og:type\" content=\"article\" \/>\n<meta property=\"og:title\" content=\"Concerts - Ro\u017eenice.hr\" \/>\n<meta property=\"og:description\" content=\"[vc_row][vc_column][vc_column_text] \u201eVjeruj u ljubav\u201c (&#8220;Believe in love&#8221;) choral music and stage spectacle of the Ro\u017eenice Choir &#8220;Believe in love&#8221; is an entertaining choir concert created in [\u2026]\" \/>\n<meta property=\"og:url\" content=\"https:\/\/rozenice.hr\/en\/concerts\/\" \/>\n<meta property=\"og:site_name\" content=\"Ro\u017eenice.hr\" \/>\n<meta property=\"article:publisher\" content=\"https:\/\/hr-hr.facebook.com\/Rozenicepazin\/\" \/>\n<meta property=\"article:modified_time\" content=\"2020-08-03T16:26:55+00:00\" \/>\n<meta name=\"twitter:card\" content=\"summary_large_image\" \/>\n<meta name=\"twitter:label1\" content=\"Est. reading time\" \/>\n\t<meta name=\"twitter:data1\" content=\"5 minutes\" \/>\n<script type=\"application\/ld+json\" class=\"yoast-schema-graph\">{\"@context\":\"https:\/\/schema.org\",\"@graph\":[{\"@type\":\"WebPage\",\"@id\":\"https:\/\/rozenice.hr\/en\/concerts\/\",\"url\":\"https:\/\/rozenice.hr\/en\/concerts\/\",\"name\":\"Concerts - Ro\u017eenice.hr\",\"isPartOf\":{\"@id\":\"https:\/\/rozenice.hr\/en\/#website\"},\"datePublished\":\"2017-05-30T07:27:45+00:00\",\"dateModified\":\"2020-08-03T16:26:55+00:00\",\"breadcrumb\":{\"@id\":\"https:\/\/rozenice.hr\/en\/concerts\/#breadcrumb\"},\"inLanguage\":\"en-US\",\"potentialAction\":[{\"@type\":\"ReadAction\",\"target\":[\"https:\/\/rozenice.hr\/en\/concerts\/\"]}]},{\"@type\":\"BreadcrumbList\",\"@id\":\"https:\/\/rozenice.hr\/en\/concerts\/#breadcrumb\",\"itemListElement\":[{\"@type\":\"ListItem\",\"position\":1,\"name\":\"Po\u010detna stranica\",\"item\":\"https:\/\/rozenice.hr\/en\/\"},{\"@type\":\"ListItem\",\"position\":2,\"name\":\"Concerts\"}]},{\"@type\":\"WebSite\",\"@id\":\"https:\/\/rozenice.hr\/en\/#website\",\"url\":\"https:\/\/rozenice.hr\/en\/\",\"name\":\"Ro\u017eenice.hr\",\"description\":\"Mje\u0161oviti Pjeva\u010dki Zbor \u201cRo\u017eenice\u201d Pazin\",\"publisher\":{\"@id\":\"https:\/\/rozenice.hr\/en\/#organization\"},\"potentialAction\":[{\"@type\":\"SearchAction\",\"target\":{\"@type\":\"EntryPoint\",\"urlTemplate\":\"https:\/\/rozenice.hr\/en\/?s={search_term_string}\"},\"query-input\":{\"@type\":\"PropertyValueSpecification\",\"valueRequired\":true,\"valueName\":\"search_term_string\"}}],\"inLanguage\":\"en-US\"},{\"@type\":\"Organization\",\"@id\":\"https:\/\/rozenice.hr\/en\/#organization\",\"name\":\"Mje\u0161oviti pjeva\u010dki zbor \u201cRo\u017eenice\u201d Pazin\",\"url\":\"https:\/\/rozenice.hr\/en\/\",\"logo\":{\"@type\":\"ImageObject\",\"inLanguage\":\"en-US\",\"@id\":\"https:\/\/rozenice.hr\/en\/#\/schema\/logo\/image\/\",\"url\":\"https:\/\/rozenice.hr\/wp-content\/uploads\/2020\/04\/footer-logo-rozenice-2.png\",\"contentUrl\":\"https:\/\/rozenice.hr\/wp-content\/uploads\/2020\/04\/footer-logo-rozenice-2.png\",\"width\":550,\"height\":138,\"caption\":\"Mje\u0161oviti pjeva\u010dki zbor \u201cRo\u017eenice\u201d Pazin\"},\"image\":{\"@id\":\"https:\/\/rozenice.hr\/en\/#\/schema\/logo\/image\/\"},\"sameAs\":[\"https:\/\/hr-hr.facebook.com\/Rozenicepazin\/\",\"https:\/\/www.instagram.com\/rozeniceofficial\/\",\"https:\/\/www.youtube.com\/channel\/UCJUvwYuzIxUFjQNH_6XaTTQ\/about\"]}]}<\/script>\n<!-- \/ Yoast SEO plugin. -->","yoast_head_json":{"title":"Concerts - Ro\u017eenice.hr","robots":{"index":"index","follow":"follow","max-snippet":"max-snippet:-1","max-image-preview":"max-image-preview:large","max-video-preview":"max-video-preview:-1"},"canonical":"https:\/\/rozenice.hr\/en\/concerts\/","og_locale":"en_US","og_type":"article","og_title":"Concerts - Ro\u017eenice.hr","og_description":"[vc_row][vc_column][vc_column_text] \u201eVjeruj u ljubav\u201c (&#8220;Believe in love&#8221;) choral music and stage spectacle of the Ro\u017eenice Choir &#8220;Believe in love&#8221; is an entertaining choir concert created in [\u2026]","og_url":"https:\/\/rozenice.hr\/en\/concerts\/","og_site_name":"Ro\u017eenice.hr","article_publisher":"https:\/\/hr-hr.facebook.com\/Rozenicepazin\/","article_modified_time":"2020-08-03T16:26:55+00:00","twitter_card":"summary_large_image","twitter_misc":{"Est. reading time":"5 minutes"},"schema":{"@context":"https:\/\/schema.org","@graph":[{"@type":"WebPage","@id":"https:\/\/rozenice.hr\/en\/concerts\/","url":"https:\/\/rozenice.hr\/en\/concerts\/","name":"Concerts - Ro\u017eenice.hr","isPartOf":{"@id":"https:\/\/rozenice.hr\/en\/#website"},"datePublished":"2017-05-30T07:27:45+00:00","dateModified":"2020-08-03T16:26:55+00:00","breadcrumb":{"@id":"https:\/\/rozenice.hr\/en\/concerts\/#breadcrumb"},"inLanguage":"en-US","potentialAction":[{"@type":"ReadAction","target":["https:\/\/rozenice.hr\/en\/concerts\/"]}]},{"@type":"BreadcrumbList","@id":"https:\/\/rozenice.hr\/en\/concerts\/#breadcrumb","itemListElement":[{"@type":"ListItem","position":1,"name":"Po\u010detna stranica","item":"https:\/\/rozenice.hr\/en\/"},{"@type":"ListItem","position":2,"name":"Concerts"}]},{"@type":"WebSite","@id":"https:\/\/rozenice.hr\/en\/#website","url":"https:\/\/rozenice.hr\/en\/","name":"Ro\u017eenice.hr","description":"Mje\u0161oviti Pjeva\u010dki Zbor \u201cRo\u017eenice\u201d Pazin","publisher":{"@id":"https:\/\/rozenice.hr\/en\/#organization"},"potentialAction":[{"@type":"SearchAction","target":{"@type":"EntryPoint","urlTemplate":"https:\/\/rozenice.hr\/en\/?s={search_term_string}"},"query-input":{"@type":"PropertyValueSpecification","valueRequired":true,"valueName":"search_term_string"}}],"inLanguage":"en-US"},{"@type":"Organization","@id":"https:\/\/rozenice.hr\/en\/#organization","name":"Mje\u0161oviti pjeva\u010dki zbor \u201cRo\u017eenice\u201d Pazin","url":"https:\/\/rozenice.hr\/en\/","logo":{"@type":"ImageObject","inLanguage":"en-US","@id":"https:\/\/rozenice.hr\/en\/#\/schema\/logo\/image\/","url":"https:\/\/rozenice.hr\/wp-content\/uploads\/2020\/04\/footer-logo-rozenice-2.png","contentUrl":"https:\/\/rozenice.hr\/wp-content\/uploads\/2020\/04\/footer-logo-rozenice-2.png","width":550,"height":138,"caption":"Mje\u0161oviti pjeva\u010dki zbor \u201cRo\u017eenice\u201d Pazin"},"image":{"@id":"https:\/\/rozenice.hr\/en\/#\/schema\/logo\/image\/"},"sameAs":["https:\/\/hr-hr.facebook.com\/Rozenicepazin\/","https:\/\/www.instagram.com\/rozeniceofficial\/","https:\/\/www.youtube.com\/channel\/UCJUvwYuzIxUFjQNH_6XaTTQ\/about"]}]}},"_links":{"self":[{"href":"https:\/\/rozenice.hr\/en\/wp-json\/wp\/v2\/pages\/840","targetHints":{"allow":["GET"]}}],"collection":[{"href":"https:\/\/rozenice.hr\/en\/wp-json\/wp\/v2\/pages"}],"about":[{"href":"https:\/\/rozenice.hr\/en\/wp-json\/wp\/v2\/types\/page"}],"author":[{"embeddable":true,"href":"https:\/\/rozenice.hr\/en\/wp-json\/wp\/v2\/users\/1"}],"replies":[{"embeddable":true,"href":"https:\/\/rozenice.hr\/en\/wp-json\/wp\/v2\/comments?post=840"}],"version-history":[{"count":7,"href":"https:\/\/rozenice.hr\/en\/wp-json\/wp\/v2\/pages\/840\/revisions"}],"predecessor-version":[{"id":1469,"href":"https:\/\/rozenice.hr\/en\/wp-json\/wp\/v2\/pages\/840\/revisions\/1469"}],"wp:attachment":[{"href":"https:\/\/rozenice.hr\/en\/wp-json\/wp\/v2\/media?parent=840"}],"curies":[{"name":"wp","href":"https:\/\/api.w.org\/{rel}","templated":true}]}}