{"id":841,"date":"2020-02-18T13:44:12","date_gmt":"2020-02-18T12:44:12","guid":{"rendered":"https:\/\/rozenice.hr\/kontakt\/"},"modified":"2020-08-03T18:29:26","modified_gmt":"2020-08-03T16:29:26","slug":"contact","status":"publish","type":"page","link":"https:\/\/rozenice.hr\/en\/contact\/","title":{"rendered":"Contact"},"content":{"rendered":"\n<p>Heading<br><h1>PO\u0160ALJITE NAM PORUKU <\/h1><br>center<br>no-repeat;center top;;<br>auto<br><br>40<br>default<br><br><h2>Kontakt informacije<\/h2>\r\n<br><h3>MJE\u0160OVITI PJEVA\u010cKI ZBOR \\&#8221;RO\u017dENICE\\&#8221; PAZIN<\/h3>\r\n<br><hr class=\"no_line\" style=\"margin: 0 auto 0px auto\"\/>\n\r\n<br>Adresa:\r\n<br>154. BRIGADE HV 16\r\n<br> 52000 PAZIN\r\n<br>telefon: <a href=\"tel:0038598254286\">+385 98 254 286<\/a>\r\n<br>e-mail:<a href=\"mailto:info@rozenice.hr\"> info@rozenice.hr<\/a><br>no-repeat;center top;;<br>auto<br>0 20% 0 0<br><br>Kontakt forma<br><p class=\"wpcf7-contact-form-not-found\"><strong>Error:<\/strong> Contact form not found.<\/p><br>no-repeat;center top;;<br>auto<br><br>45.239572<br>13.937162<br>7<br>500<br>ROADMAP<br>#e7e7e7<br>box<br><br><\/p>\n","protected":false},"excerpt":{"rendered":"<p>Heading PO\u0160ALJITE NAM PORUKU centerno-repeat;center top;;auto 40default Kontakt informacije MJE\u0160OVITI PJEVA\u010cKI ZBOR \\&#8221;RO\u017dENICE\\&#8221; PAZIN Adresa: 154. BRIGADE HV 16 52000 PAZIN telefon: +385 98 254 286<span class=\"excerpt-hellip\"> [\u2026]<\/span><\/p>\n","protected":false},"author":1,"featured_media":0,"parent":0,"menu_order":0,"comment_status":"closed","ping_status":"closed","template":"","meta":{"footnotes":""},"class_list":["post-841","page","type-page","status-publish","hentry"],"yoast_head":"<!-- This site is optimized with the Yoast SEO plugin v25.8 - https:\/\/yoast.com\/wordpress\/plugins\/seo\/ -->\n<title>Contact - Ro\u017eenice.hr<\/title>\n<meta name=\"robots\" content=\"index, follow, max-snippet:-1, max-image-preview:large, max-video-preview:-1\" \/>\n<link rel=\"canonical\" href=\"https:\/\/rozenice.hr\/en\/contact\/\" \/>\n<meta property=\"og:locale\" content=\"en_US\" \/>\n<meta property=\"og:type\" content=\"article\" \/>\n<meta property=\"og:title\" content=\"Contact - Ro\u017eenice.hr\" \/>\n<meta property=\"og:description\" content=\"Heading PO\u0160ALJITE NAM PORUKU centerno-repeat;center top;;auto 40default Kontakt informacije MJE\u0160OVITI PJEVA\u010cKI ZBOR &#8221;RO\u017dENICE&#8221; PAZIN Adresa: 154. BRIGADE HV 16 52000 PAZIN telefon: +385 98 254 286 [\u2026]\" \/>\n<meta property=\"og:url\" content=\"https:\/\/rozenice.hr\/en\/contact\/\" \/>\n<meta property=\"og:site_name\" content=\"Ro\u017eenice.hr\" \/>\n<meta property=\"article:publisher\" content=\"https:\/\/hr-hr.facebook.com\/Rozenicepazin\/\" \/>\n<meta property=\"article:modified_time\" content=\"2020-08-03T16:29:26+00:00\" \/>\n<meta name=\"twitter:card\" content=\"summary_large_image\" \/>\n<script type=\"application\/ld+json\" class=\"yoast-schema-graph\">{\"@context\":\"https:\/\/schema.org\",\"@graph\":[{\"@type\":\"WebPage\",\"@id\":\"https:\/\/rozenice.hr\/en\/contact\/\",\"url\":\"https:\/\/rozenice.hr\/en\/contact\/\",\"name\":\"Contact - Ro\u017eenice.hr\",\"isPartOf\":{\"@id\":\"https:\/\/rozenice.hr\/en\/#website\"},\"datePublished\":\"2020-02-18T12:44:12+00:00\",\"dateModified\":\"2020-08-03T16:29:26+00:00\",\"breadcrumb\":{\"@id\":\"https:\/\/rozenice.hr\/en\/contact\/#breadcrumb\"},\"inLanguage\":\"en-US\",\"potentialAction\":[{\"@type\":\"ReadAction\",\"target\":[\"https:\/\/rozenice.hr\/en\/contact\/\"]}]},{\"@type\":\"BreadcrumbList\",\"@id\":\"https:\/\/rozenice.hr\/en\/contact\/#breadcrumb\",\"itemListElement\":[{\"@type\":\"ListItem\",\"position\":1,\"name\":\"Po\u010detna stranica\",\"item\":\"https:\/\/rozenice.hr\/en\/\"},{\"@type\":\"ListItem\",\"position\":2,\"name\":\"Contact\"}]},{\"@type\":\"WebSite\",\"@id\":\"https:\/\/rozenice.hr\/en\/#website\",\"url\":\"https:\/\/rozenice.hr\/en\/\",\"name\":\"Ro\u017eenice.hr\",\"description\":\"Mje\u0161oviti Pjeva\u010dki Zbor \u201cRo\u017eenice\u201d Pazin\",\"publisher\":{\"@id\":\"https:\/\/rozenice.hr\/en\/#organization\"},\"potentialAction\":[{\"@type\":\"SearchAction\",\"target\":{\"@type\":\"EntryPoint\",\"urlTemplate\":\"https:\/\/rozenice.hr\/en\/?s={search_term_string}\"},\"query-input\":{\"@type\":\"PropertyValueSpecification\",\"valueRequired\":true,\"valueName\":\"search_term_string\"}}],\"inLanguage\":\"en-US\"},{\"@type\":\"Organization\",\"@id\":\"https:\/\/rozenice.hr\/en\/#organization\",\"name\":\"Mje\u0161oviti pjeva\u010dki zbor \u201cRo\u017eenice\u201d Pazin\",\"url\":\"https:\/\/rozenice.hr\/en\/\",\"logo\":{\"@type\":\"ImageObject\",\"inLanguage\":\"en-US\",\"@id\":\"https:\/\/rozenice.hr\/en\/#\/schema\/logo\/image\/\",\"url\":\"https:\/\/rozenice.hr\/wp-content\/uploads\/2020\/04\/footer-logo-rozenice-2.png\",\"contentUrl\":\"https:\/\/rozenice.hr\/wp-content\/uploads\/2020\/04\/footer-logo-rozenice-2.png\",\"width\":550,\"height\":138,\"caption\":\"Mje\u0161oviti pjeva\u010dki zbor \u201cRo\u017eenice\u201d Pazin\"},\"image\":{\"@id\":\"https:\/\/rozenice.hr\/en\/#\/schema\/logo\/image\/\"},\"sameAs\":[\"https:\/\/hr-hr.facebook.com\/Rozenicepazin\/\",\"https:\/\/www.instagram.com\/rozeniceofficial\/\",\"https:\/\/www.youtube.com\/channel\/UCJUvwYuzIxUFjQNH_6XaTTQ\/about\"]}]}<\/script>\n<!-- \/ Yoast SEO plugin. -->","yoast_head_json":{"title":"Contact - Ro\u017eenice.hr","robots":{"index":"index","follow":"follow","max-snippet":"max-snippet:-1","max-image-preview":"max-image-preview:large","max-video-preview":"max-video-preview:-1"},"canonical":"https:\/\/rozenice.hr\/en\/contact\/","og_locale":"en_US","og_type":"article","og_title":"Contact - Ro\u017eenice.hr","og_description":"Heading PO\u0160ALJITE NAM PORUKU centerno-repeat;center top;;auto 40default Kontakt informacije MJE\u0160OVITI PJEVA\u010cKI ZBOR &#8221;RO\u017dENICE&#8221; PAZIN Adresa: 154. BRIGADE HV 16 52000 PAZIN telefon: +385 98 254 286 [\u2026]","og_url":"https:\/\/rozenice.hr\/en\/contact\/","og_site_name":"Ro\u017eenice.hr","article_publisher":"https:\/\/hr-hr.facebook.com\/Rozenicepazin\/","article_modified_time":"2020-08-03T16:29:26+00:00","twitter_card":"summary_large_image","schema":{"@context":"https:\/\/schema.org","@graph":[{"@type":"WebPage","@id":"https:\/\/rozenice.hr\/en\/contact\/","url":"https:\/\/rozenice.hr\/en\/contact\/","name":"Contact - Ro\u017eenice.hr","isPartOf":{"@id":"https:\/\/rozenice.hr\/en\/#website"},"datePublished":"2020-02-18T12:44:12+00:00","dateModified":"2020-08-03T16:29:26+00:00","breadcrumb":{"@id":"https:\/\/rozenice.hr\/en\/contact\/#breadcrumb"},"inLanguage":"en-US","potentialAction":[{"@type":"ReadAction","target":["https:\/\/rozenice.hr\/en\/contact\/"]}]},{"@type":"BreadcrumbList","@id":"https:\/\/rozenice.hr\/en\/contact\/#breadcrumb","itemListElement":[{"@type":"ListItem","position":1,"name":"Po\u010detna stranica","item":"https:\/\/rozenice.hr\/en\/"},{"@type":"ListItem","position":2,"name":"Contact"}]},{"@type":"WebSite","@id":"https:\/\/rozenice.hr\/en\/#website","url":"https:\/\/rozenice.hr\/en\/","name":"Ro\u017eenice.hr","description":"Mje\u0161oviti Pjeva\u010dki Zbor \u201cRo\u017eenice\u201d Pazin","publisher":{"@id":"https:\/\/rozenice.hr\/en\/#organization"},"potentialAction":[{"@type":"SearchAction","target":{"@type":"EntryPoint","urlTemplate":"https:\/\/rozenice.hr\/en\/?s={search_term_string}"},"query-input":{"@type":"PropertyValueSpecification","valueRequired":true,"valueName":"search_term_string"}}],"inLanguage":"en-US"},{"@type":"Organization","@id":"https:\/\/rozenice.hr\/en\/#organization","name":"Mje\u0161oviti pjeva\u010dki zbor \u201cRo\u017eenice\u201d Pazin","url":"https:\/\/rozenice.hr\/en\/","logo":{"@type":"ImageObject","inLanguage":"en-US","@id":"https:\/\/rozenice.hr\/en\/#\/schema\/logo\/image\/","url":"https:\/\/rozenice.hr\/wp-content\/uploads\/2020\/04\/footer-logo-rozenice-2.png","contentUrl":"https:\/\/rozenice.hr\/wp-content\/uploads\/2020\/04\/footer-logo-rozenice-2.png","width":550,"height":138,"caption":"Mje\u0161oviti pjeva\u010dki zbor \u201cRo\u017eenice\u201d Pazin"},"image":{"@id":"https:\/\/rozenice.hr\/en\/#\/schema\/logo\/image\/"},"sameAs":["https:\/\/hr-hr.facebook.com\/Rozenicepazin\/","https:\/\/www.instagram.com\/rozeniceofficial\/","https:\/\/www.youtube.com\/channel\/UCJUvwYuzIxUFjQNH_6XaTTQ\/about"]}]}},"_links":{"self":[{"href":"https:\/\/rozenice.hr\/en\/wp-json\/wp\/v2\/pages\/841","targetHints":{"allow":["GET"]}}],"collection":[{"href":"https:\/\/rozenice.hr\/en\/wp-json\/wp\/v2\/pages"}],"about":[{"href":"https:\/\/rozenice.hr\/en\/wp-json\/wp\/v2\/types\/page"}],"author":[{"embeddable":true,"href":"https:\/\/rozenice.hr\/en\/wp-json\/wp\/v2\/users\/1"}],"replies":[{"embeddable":true,"href":"https:\/\/rozenice.hr\/en\/wp-json\/wp\/v2\/comments?post=841"}],"version-history":[{"count":2,"href":"https:\/\/rozenice.hr\/en\/wp-json\/wp\/v2\/pages\/841\/revisions"}],"predecessor-version":[{"id":1437,"href":"https:\/\/rozenice.hr\/en\/wp-json\/wp\/v2\/pages\/841\/revisions\/1437"}],"wp:attachment":[{"href":"https:\/\/rozenice.hr\/en\/wp-json\/wp\/v2\/media?parent=841"}],"curies":[{"name":"wp","href":"https:\/\/api.w.org\/{rel}","templated":true}]}}