{"id":846,"date":"2020-03-31T16:28:40","date_gmt":"2020-03-31T14:28:40","guid":{"rendered":"https:\/\/rozenice.hr\/nello-milotti\/"},"modified":"2020-07-28T18:02:41","modified_gmt":"2020-07-28T16:02:41","slug":"nello-milotti","status":"publish","type":"page","link":"https:\/\/rozenice.hr\/en\/nello-milotti\/","title":{"rendered":"Nello Milotti"},"content":{"rendered":"<section class=\"wpb-content-wrapper\"><p>[vc_row][vc_column width=&#8221;2\/3&#8243;][vc_column_text]<\/p>\n<h4 style=\"text-align: justify;\">Nello Milotti<\/h4>\n<p style=\"font-weight: 400; text-align: justify;\">Born in Trieste in 1927. He is a composer, pedagogue and conductor. He finished high school in Zagreb and graduated in composition at the Academy of Music &#8211; Ljubljana in the class of prof. Bla\u017e Arni\u010d. After graduating, he worked as a teacher of music education at the Italian Gymnasium, zazim as a teacher of clarinet and solfeggio at the High School of Music &#8220;I. Mateti\u0107 Ronjgov&#8221; in Pula, where he became director.<\/p>\n<p style=\"font-weight: 400; text-align: left;\">Since 1977 he has been a professor at the Faculty of Education in Rijeka &#8211; Department of Teaching Activities in Pula.<\/p>\n<p>[\/vc_column_text][\/vc_column][vc_column width=&#8221;1\/3&#8243;][vc_single_image image=&#8221;470&#8243; img_size=&#8221;full&#8221;][\/vc_column][\/vc_row][vc_row][vc_column width=&#8221;1\/3&#8243;][vc_single_image image=&#8221;847&#8243; img_size=&#8221;full&#8221; alignment=&#8221;center&#8221;][\/vc_column][vc_column width=&#8221;2\/3&#8243;][vc_column_text]<\/p>\n<p style=\"font-weight: 400; text-align: justify;\">For over 50 years he has led amateur choirs in Pula and Pazin (Matko Braj\u0161a Ra\u0161an, Lino Mariani, Ro\u017eenice) with which he has achieved success in numerous performances in the country and abroad.<br \/>\nAs a composer, he reflected in all areas of music. From entertainment (he is a regular participant of MIK and the winner of its many first prizes), through choirs, instrumental, to stage music for children&#8217;s plays. In his creation he draws on the rich sources of Istrian folk music, Croatian and Italian. Among his vocal and instrumental works, the most important are: &#8220;Istrian Legion&#8221; &#8211; cantata for solo singing, mixed choir and symphony orchestra, &#8220;Sipe piva&#8221; &#8211; for choir and piano, &#8220;Bura&#8221; &#8211; for female choir and piano (1st Prize in Trieste). Of the instrumental works: Obala &#8211; symphonic poem, &#8220;Walls of Nesactium&#8221; (1st Prize in Trieste) &#8211; clarinet and orchestra concerto, guitar concerto (2nd Prize in Trieste), etc.<br \/>\nThe mixed choir of Ro\u017eenica led from the audition and the first rehearsal in 1979 until the end of 2002, when the choir was left to prof. Ines Kova\u010di\u0107. In their 25 years of work, Ro\u017eenice has performed about 60 compositions by maestro Nello Milotti, and in addition to them, there are a large number of arrangements of works by other, domestic and foreign authors that he prepared for Ro\u017eenice. At the end of June 2002, Ro\u017eenice premiered his &#8220;Mass of Thanksgiving&#8221; &#8211; a work which, along with the song &#8220;Il Campanile si Sarvacs&#8221;, he marked the events in Croatia in the last decade of the last century.<\/p>\n<p style=\"text-align: justify;\">He passed away on March 10, 2011, at the age of 84.<\/p>\n<p>[\/vc_column_text][\/vc_column][\/vc_row]<\/p>\n<\/section>","protected":false},"excerpt":{"rendered":"<p>[vc_row][vc_column width=&#8221;2\/3&#8243;][vc_column_text] Nello Milotti Born in Trieste in 1927. He is a composer, pedagogue and conductor. He finished high school in Zagreb and graduated in composition<span class=\"excerpt-hellip\"> [\u2026]<\/span><\/p>\n","protected":false},"author":2,"featured_media":0,"parent":0,"menu_order":0,"comment_status":"closed","ping_status":"closed","template":"","meta":{"footnotes":""},"class_list":["post-846","page","type-page","status-publish","hentry"],"yoast_head":"<!-- This site is optimized with the Yoast SEO plugin v25.8 - https:\/\/yoast.com\/wordpress\/plugins\/seo\/ -->\n<title>Nello Milotti - Ro\u017eenice.hr<\/title>\n<meta name=\"robots\" content=\"index, follow, max-snippet:-1, max-image-preview:large, max-video-preview:-1\" \/>\n<link rel=\"canonical\" href=\"https:\/\/rozenice.hr\/en\/nello-milotti\/\" \/>\n<meta property=\"og:locale\" content=\"en_US\" \/>\n<meta property=\"og:type\" content=\"article\" \/>\n<meta property=\"og:title\" content=\"Nello Milotti - Ro\u017eenice.hr\" \/>\n<meta property=\"og:description\" content=\"[vc_row][vc_column width=&#8221;2\/3&#8243;][vc_column_text] Nello Milotti Born in Trieste in 1927. He is a composer, pedagogue and conductor. He finished high school in Zagreb and graduated in composition [\u2026]\" \/>\n<meta property=\"og:url\" content=\"https:\/\/rozenice.hr\/en\/nello-milotti\/\" \/>\n<meta property=\"og:site_name\" content=\"Ro\u017eenice.hr\" \/>\n<meta property=\"article:publisher\" content=\"https:\/\/hr-hr.facebook.com\/Rozenicepazin\/\" \/>\n<meta property=\"article:modified_time\" content=\"2020-07-28T16:02:41+00:00\" \/>\n<meta name=\"twitter:card\" content=\"summary_large_image\" \/>\n<meta name=\"twitter:label1\" content=\"Est. reading time\" \/>\n\t<meta name=\"twitter:data1\" content=\"2 minutes\" \/>\n<script type=\"application\/ld+json\" class=\"yoast-schema-graph\">{\"@context\":\"https:\/\/schema.org\",\"@graph\":[{\"@type\":\"WebPage\",\"@id\":\"https:\/\/rozenice.hr\/en\/nello-milotti\/\",\"url\":\"https:\/\/rozenice.hr\/en\/nello-milotti\/\",\"name\":\"Nello Milotti - Ro\u017eenice.hr\",\"isPartOf\":{\"@id\":\"https:\/\/rozenice.hr\/en\/#website\"},\"datePublished\":\"2020-03-31T14:28:40+00:00\",\"dateModified\":\"2020-07-28T16:02:41+00:00\",\"breadcrumb\":{\"@id\":\"https:\/\/rozenice.hr\/en\/nello-milotti\/#breadcrumb\"},\"inLanguage\":\"en-US\",\"potentialAction\":[{\"@type\":\"ReadAction\",\"target\":[\"https:\/\/rozenice.hr\/en\/nello-milotti\/\"]}]},{\"@type\":\"BreadcrumbList\",\"@id\":\"https:\/\/rozenice.hr\/en\/nello-milotti\/#breadcrumb\",\"itemListElement\":[{\"@type\":\"ListItem\",\"position\":1,\"name\":\"Po\u010detna stranica\",\"item\":\"https:\/\/rozenice.hr\/en\/\"},{\"@type\":\"ListItem\",\"position\":2,\"name\":\"Nello Milotti\"}]},{\"@type\":\"WebSite\",\"@id\":\"https:\/\/rozenice.hr\/en\/#website\",\"url\":\"https:\/\/rozenice.hr\/en\/\",\"name\":\"Ro\u017eenice.hr\",\"description\":\"Mje\u0161oviti Pjeva\u010dki Zbor \u201cRo\u017eenice\u201d Pazin\",\"publisher\":{\"@id\":\"https:\/\/rozenice.hr\/en\/#organization\"},\"potentialAction\":[{\"@type\":\"SearchAction\",\"target\":{\"@type\":\"EntryPoint\",\"urlTemplate\":\"https:\/\/rozenice.hr\/en\/?s={search_term_string}\"},\"query-input\":{\"@type\":\"PropertyValueSpecification\",\"valueRequired\":true,\"valueName\":\"search_term_string\"}}],\"inLanguage\":\"en-US\"},{\"@type\":\"Organization\",\"@id\":\"https:\/\/rozenice.hr\/en\/#organization\",\"name\":\"Mje\u0161oviti pjeva\u010dki zbor \u201cRo\u017eenice\u201d Pazin\",\"url\":\"https:\/\/rozenice.hr\/en\/\",\"logo\":{\"@type\":\"ImageObject\",\"inLanguage\":\"en-US\",\"@id\":\"https:\/\/rozenice.hr\/en\/#\/schema\/logo\/image\/\",\"url\":\"https:\/\/rozenice.hr\/wp-content\/uploads\/2020\/04\/footer-logo-rozenice-2.png\",\"contentUrl\":\"https:\/\/rozenice.hr\/wp-content\/uploads\/2020\/04\/footer-logo-rozenice-2.png\",\"width\":550,\"height\":138,\"caption\":\"Mje\u0161oviti pjeva\u010dki zbor \u201cRo\u017eenice\u201d Pazin\"},\"image\":{\"@id\":\"https:\/\/rozenice.hr\/en\/#\/schema\/logo\/image\/\"},\"sameAs\":[\"https:\/\/hr-hr.facebook.com\/Rozenicepazin\/\",\"https:\/\/www.instagram.com\/rozeniceofficial\/\",\"https:\/\/www.youtube.com\/channel\/UCJUvwYuzIxUFjQNH_6XaTTQ\/about\"]}]}<\/script>\n<!-- \/ Yoast SEO plugin. -->","yoast_head_json":{"title":"Nello Milotti - Ro\u017eenice.hr","robots":{"index":"index","follow":"follow","max-snippet":"max-snippet:-1","max-image-preview":"max-image-preview:large","max-video-preview":"max-video-preview:-1"},"canonical":"https:\/\/rozenice.hr\/en\/nello-milotti\/","og_locale":"en_US","og_type":"article","og_title":"Nello Milotti - Ro\u017eenice.hr","og_description":"[vc_row][vc_column width=&#8221;2\/3&#8243;][vc_column_text] Nello Milotti Born in Trieste in 1927. He is a composer, pedagogue and conductor. He finished high school in Zagreb and graduated in composition [\u2026]","og_url":"https:\/\/rozenice.hr\/en\/nello-milotti\/","og_site_name":"Ro\u017eenice.hr","article_publisher":"https:\/\/hr-hr.facebook.com\/Rozenicepazin\/","article_modified_time":"2020-07-28T16:02:41+00:00","twitter_card":"summary_large_image","twitter_misc":{"Est. reading time":"2 minutes"},"schema":{"@context":"https:\/\/schema.org","@graph":[{"@type":"WebPage","@id":"https:\/\/rozenice.hr\/en\/nello-milotti\/","url":"https:\/\/rozenice.hr\/en\/nello-milotti\/","name":"Nello Milotti - Ro\u017eenice.hr","isPartOf":{"@id":"https:\/\/rozenice.hr\/en\/#website"},"datePublished":"2020-03-31T14:28:40+00:00","dateModified":"2020-07-28T16:02:41+00:00","breadcrumb":{"@id":"https:\/\/rozenice.hr\/en\/nello-milotti\/#breadcrumb"},"inLanguage":"en-US","potentialAction":[{"@type":"ReadAction","target":["https:\/\/rozenice.hr\/en\/nello-milotti\/"]}]},{"@type":"BreadcrumbList","@id":"https:\/\/rozenice.hr\/en\/nello-milotti\/#breadcrumb","itemListElement":[{"@type":"ListItem","position":1,"name":"Po\u010detna stranica","item":"https:\/\/rozenice.hr\/en\/"},{"@type":"ListItem","position":2,"name":"Nello Milotti"}]},{"@type":"WebSite","@id":"https:\/\/rozenice.hr\/en\/#website","url":"https:\/\/rozenice.hr\/en\/","name":"Ro\u017eenice.hr","description":"Mje\u0161oviti Pjeva\u010dki Zbor \u201cRo\u017eenice\u201d Pazin","publisher":{"@id":"https:\/\/rozenice.hr\/en\/#organization"},"potentialAction":[{"@type":"SearchAction","target":{"@type":"EntryPoint","urlTemplate":"https:\/\/rozenice.hr\/en\/?s={search_term_string}"},"query-input":{"@type":"PropertyValueSpecification","valueRequired":true,"valueName":"search_term_string"}}],"inLanguage":"en-US"},{"@type":"Organization","@id":"https:\/\/rozenice.hr\/en\/#organization","name":"Mje\u0161oviti pjeva\u010dki zbor \u201cRo\u017eenice\u201d Pazin","url":"https:\/\/rozenice.hr\/en\/","logo":{"@type":"ImageObject","inLanguage":"en-US","@id":"https:\/\/rozenice.hr\/en\/#\/schema\/logo\/image\/","url":"https:\/\/rozenice.hr\/wp-content\/uploads\/2020\/04\/footer-logo-rozenice-2.png","contentUrl":"https:\/\/rozenice.hr\/wp-content\/uploads\/2020\/04\/footer-logo-rozenice-2.png","width":550,"height":138,"caption":"Mje\u0161oviti pjeva\u010dki zbor \u201cRo\u017eenice\u201d Pazin"},"image":{"@id":"https:\/\/rozenice.hr\/en\/#\/schema\/logo\/image\/"},"sameAs":["https:\/\/hr-hr.facebook.com\/Rozenicepazin\/","https:\/\/www.instagram.com\/rozeniceofficial\/","https:\/\/www.youtube.com\/channel\/UCJUvwYuzIxUFjQNH_6XaTTQ\/about"]}]}},"_links":{"self":[{"href":"https:\/\/rozenice.hr\/en\/wp-json\/wp\/v2\/pages\/846","targetHints":{"allow":["GET"]}}],"collection":[{"href":"https:\/\/rozenice.hr\/en\/wp-json\/wp\/v2\/pages"}],"about":[{"href":"https:\/\/rozenice.hr\/en\/wp-json\/wp\/v2\/types\/page"}],"author":[{"embeddable":true,"href":"https:\/\/rozenice.hr\/en\/wp-json\/wp\/v2\/users\/2"}],"replies":[{"embeddable":true,"href":"https:\/\/rozenice.hr\/en\/wp-json\/wp\/v2\/comments?post=846"}],"version-history":[{"count":4,"href":"https:\/\/rozenice.hr\/en\/wp-json\/wp\/v2\/pages\/846\/revisions"}],"predecessor-version":[{"id":1450,"href":"https:\/\/rozenice.hr\/en\/wp-json\/wp\/v2\/pages\/846\/revisions\/1450"}],"wp:attachment":[{"href":"https:\/\/rozenice.hr\/en\/wp-json\/wp\/v2\/media?parent=846"}],"curies":[{"name":"wp","href":"https:\/\/api.w.org\/{rel}","templated":true}]}}