{"id":850,"date":"2020-01-22T12:28:58","date_gmt":"2020-01-22T11:28:58","guid":{"rendered":"https:\/\/rozenice.hr\/pravila-privatnosti\/"},"modified":"2020-07-28T14:27:05","modified_gmt":"2020-07-28T12:27:05","slug":"pravila-privatnosti","status":"publish","type":"page","link":"https:\/\/rozenice.hr\/en\/pravila-privatnosti\/","title":{"rendered":"Pravila privatnosti"},"content":{"rendered":"<section class=\"wpb-content-wrapper\"><p>[vc_row][vc_column][vc_column_text]<\/p>\r\n<p><strong>PO\u0160TUJEMO VA\u0160U PRIVATNOST I ZATO SU VA\u0160I PODACI KOD NAS SIGURNI<\/strong><\/p>\r\n<p>Vlasnik ovih web stranica je mje\u0161oviti pjeva\u010dki zbor Rozenice.<\/p>\r\n<p>Va\u0161i podaci obra\u0111ivat \u0107e se u svrhu slanja informacija o na\u0161im ponudama, novostima i doga\u0111anjima, te\u00a0u svim mailovima imate mogu\u0107nost odjave s liste primatelja.<\/p>\r\n<p>Sukladno Zakonu o za\u0161titi osobnih podataka na va\u0161 zahtjev omogu\u0107it \u0107e vam se pristup podacima kao i eventualni ispravak istih.<\/p>\r\n<p>Za\u0161tita va\u0161ih osobnih podataka zna\u010di da:<\/p>\r\n<ul>\r\n<li>nikada ne\u0107emo zloupotrijebiti va\u0161e osobne podatke na bilo koji na\u010din<\/li>\r\n<li>va\u0161 kontakt i osobne podatke ne\u0107emo nikada dati bilo kojoj tre\u0107oj strani<\/li>\r\n<li>va\u0161 kontakt i osobni podaci mogu se otkriti tre\u0107oj strani samo uz va\u0161u dozvolu<\/li>\r\n<li>bilo kada se mo\u017eete odjaviti iz bilo koje od na\u0161ih email lista.<\/li>\r\n<\/ul>\r\n<p>Sve na\u0161e online aktivnosti su u skladu s europskim zakonodavstvom (EU Directive 95\/46\/EC, 2002\/58\/EC i Treaty Conventions ETS 108, ETS 181, ETS 185, ETS 189) i nacionalnim zakonodavstvom Republike Hrvatske (Zakon o za\u0161titi osobnih podataka, Zakon o elektroni\u010dkom poslovanju, itd.).<strong>\u00a0<\/strong><\/p>\r\n<p>Rozenice se obavezuje pru\u017eati za\u0161titu osobnim podacima kupaca, na na\u010din da prikuplja samo nu\u017ene, osnovne podatke o kupcima koji su potrebni za ispunjenje na\u0161ih obveza, informira kupce o na\u010dinu kori\u0161tenja prikupljenih podataka, redovito daje kupcima mogu\u0107nost izbora o upotrebi njihovih podataka, uklju\u010duju\u0107i mogu\u0107nost odluke \u017eele li ili ne da se njihovo ime ukloni s lista koje se koriste za marketin\u0161ke kampanje. Svi se podaci o korisnicima strogo \u010duvaju i dostupni su samo djelatnicima kojima su ti podaci nu\u017eni za obavljanje posla. Svi djelatnici Rozenice i poslovni partneri odgovorni su za po\u0161tivanje na\u010dela za\u0161tite privatnosti.<\/p>\r\n<p>Web stranice sadr\u017ee informacije o proizvodima i uslugama koje nudi Rozenice. Stranice slu\u017ee kao elektroni\u010dko prodajno mjesto tvrtke. Rozenice ne mo\u017ee preuzeti odgovornost za eventualne \u0161tete nastale uporabom informacija s ovih stranica u svrhe koje izlaze izvan okvira njihove predvi\u0111ene namjene. Rozenice se obvezuje primjenjivati maksimalne mjere sigurnosti u svrhu za\u0161tite interesa kupaca i sprje\u010davanja eventualnih zlouporaba informacija.<\/p>\r\n<p>Rozenice se ne mo\u017ee smatrati odgovornim za zlouporabe za koje se ne mo\u017ee utvrditi da su nastale kao posljedica tehni\u010dko-sigurnosnog propusta sustava web stranice ili propusta djelatnika Rozenice.<\/p>\r\n<p>&nbsp;<\/p>\r\n<p><strong>NA\u0160I STAVOVI \u00a0O PRIVATNOSTI I ZA\u0160TITI PODATAKA<\/strong><\/p>\r\n<ul>\r\n<li>Privatnost korisnika i za\u0161tita podataka su ljudska prava<\/li>\r\n<li>Imamo du\u017enost voditi brigu za korisnike i njihove podatke<\/li>\r\n<li>Podaci su odgovornost, oni trebaju biti prikupljeni i obra\u0111eni samo kada je \u00a0to zbilja neophodno<\/li>\r\n<li>Ne volimo i ne podr\u017eavamo SPAM, kao ni vi!<\/li>\r\n<li>Nikad ne\u0107emo prodavati, iznajmljivati ili na drugi na\u010din distribuirati ili javno objavljivati va\u0161e osobne podatke<\/li>\r\n<\/ul>\r\n<p>&nbsp;<\/p>\r\n<p><strong>RELEVANTNI PRAVNI OKVIR<\/strong><\/p>\r\n<p>Zajedno s na\u0161im poslovnim i internim ra\u010dunalnim sustavima, ova je web stranica osmi\u0161ljena u skladu sa sljede\u0107im nacionalnim i me\u0111unarodnim zakonima vezanim uz za\u0161titu podataka i privatnost korisnika:<\/p>\r\n<ul>\r\n<li><a href=\"http:\/\/eur-lex.europa.eu\/legal-content\/HR\/TXT\/?uri=CELEX%3A31995L0046\">Direktiva EU o za\u0161titi podataka \u00a0(DPD)<\/a><\/li>\r\n<li><a href=\"https:\/\/www.zakon.hr\/z\/193\/Zakon-o-za%C5%A1titi-potro%C5%A1a%C4%8Da\">Zakon o za\u0161titi potro\u0161a\u010da<\/a><\/li>\r\n<li><a href=\"https:\/\/www.zakon.hr\/z\/220\/Zakon-o-za%C5%A1titi-osobnih-podataka\">Zakon o za\u0161titi osobnih podataka<\/a><\/li>\r\n<li><a href=\"http:\/\/eur-lex.europa.eu\/legal-content\/HR\/TXT\/?uri=CELEX%3A31995L0046\">Op\u0107a uredba o za\u0161titi podataka EU (GDPR)<\/a><\/li>\r\n<\/ul>\r\n<p>Sukladnost ove web stranice gore navedenim zakonskim propisima vjerojatno zna\u010di da je ta web stranica sukladna s zakonima o za\u0161titi podataka i privatnosti korisnika koje su postavile i mnoge druge zemlje. Ako niste sigurni je li ta web lokacija u skladu s posebnom zakonskom regulativom o za\u0161titi podataka i zakonima o za\u0161titi podataka u va\u0161oj domovini, obratite se na\u0161em slu\u017ebeniku za za\u0161titu podataka (pojedinosti o tome mo\u017eete na\u0107i u \u010dlanku 7) radi poja\u0161njenja.<\/p>\r\n<p>&nbsp;<\/p>\r\n<p><strong>OSOBNE INFORMACIJE KOJE SE PRIKUPLJAJU I ZA\u0160TO SE PRIKUPLJAJU<\/strong><\/p>\r\n<p>Ova web stranica prikuplja i koristi osobne podatke iz sljede\u0107ih razloga:<\/p>\r\n<p><strong>Pra\u0107enje posjeta web lokaciji<\/strong><\/p>\r\n<p>Kao i ve\u0107ina web stranica, ova web lokacija upotrebljava Google Analytics (GA) za pra\u0107enje interakcije korisnika. Koristimo ove podatke kako bismo utvrdili broj ljudi koji upotrebljavaju na\u0161u web stranicu kako bismo bolje razumjeli kako pronalaze i upotrebljavaju na\u0161u web stranicu i da vidimo njihovo putovanje kroz web stranicu.<\/p>\r\n<p>Iako GA bilje\u017ei podatke kao \u0161to su va\u0161a geografska lokacija, va\u0161 ure\u0111aj, internetski preglednik i operativni sustav, nijedan od tih podataka ne mo\u017ee vas osobno identificirati. GA tako\u0111er bilje\u017ei IP adresu ra\u010dunala koja bi se mogla koristiti za osobnu identifikaciju, ali Google nam ne daje pristup tome. Google smatramo obra\u0111iva\u010dem podataka tre\u0107e strane (pogledajte \u010dlanak 4 u nastavku).<\/p>\r\n<p>GA upotrebljava kola\u010di\u0107e, a detalje o njima mo\u017eete prona\u0107i na Googleovim vodi\u010dima za razvojne programere. Na\u0161a web stranica koristi implementaciju analytics.js GA.<\/p>\r\n<p>Onemogu\u0107avanje kola\u010di\u0107a na va\u0161em internetskom pregledniku zaustavit \u0107e GA da prati bilo koji dio va\u0161eg posjeta bilo kojem dijelu ove web stranice.<\/p>\r\n<p>&nbsp;<\/p>\r\n<p><strong>Email adresa za kontakt<\/strong><\/p>\r\n<p>Ukoliko nas odlu\u010dite kontaktirati putem\u00a0<a href=\"mailto:info@rozenice.hr\">email adrese za kontakt<\/a>, niti jedan od podataka koje isporu\u010dujete ne\u0107e biti pohranjen na ovoj web stranici i ne\u0107e biti prenesen \/ obra\u0111en od strane bilo kojeg od tre\u0107ih strana obra\u0111iva\u010da podataka koji su definirani u \u010dlanku 6. Umjesto toga podaci \u0107e se prikupljati u e-po\u0161ti i bit \u0107e nam poslani putem Simple Mail Transfer Protokola (SMTP). Na\u0161i SMTP poslu\u017eitelji za\u0161ti\u0107eni su TLS-om (ponekad poznatim kao SSL) \u0161to zna\u010di da je sadr\u017eaj e-po\u0161te \u0161ifriran pomo\u0107u SHA-2, 256-bitne kriptografije prije slanja preko interneta. Sadr\u017eaj e-po\u0161te de\u0161ifriraju na\u0161a lokalna ra\u010dunala i ure\u0111aji.<\/p>\r\n<p>&nbsp;<\/p>\r\n<p><strong>Newsletter<\/strong><\/p>\r\n<p>Ako se odlu\u010dite prijaviti na na\u0161u newsletter listu, email adresa koju nam po\u0161aljete proslje\u0111uje se softverskoj platformi koja nam pru\u017ea usluge e-mail marketinga. Email adresa koju \u0161aljete ne\u0107e biti pohranjena u vlastitoj bazi podataka ili na nekom od na\u0161ih internih ra\u010dunalnih sustava.<\/p>\r\n<p>Va\u0161a adresa e-po\u0161te ostaje unutar baze podataka navedene platforme dokle god nastavljamo koristiti usluge te platforme za email marketing ili dok ne zatra\u017eite odjavu s newsletter liste. To mo\u017eete u\u010diniti tako \u0161to \u0107ete otkazati pretplatu pomo\u0107u linkova za otkazivanje pretplate koji se nalaze u svim newsletterima koje vam \u0161aljemo ili tako da zatra\u017eite odjavu putem kontakt email adrese.<\/p>\r\n<p>Ako ste mla\u0111i od 16 godina, morate dobiti pristanak roditelja prije nego \u0161to se prijavite na na\u0161 newsletter.<\/p>\r\n<p>&nbsp;<\/p>\r\n<p><strong>PARTNERSKE FIRME KOJE OBRA\u0110UJU PODATKE (TRE\u0106E OSOBE)<\/strong><\/p>\r\n<p>Koristimo odre\u0111eni broj usluga poslovnih partnera za obradu osobnih podataka u na\u0161e ime. Ove firme su pa\u017eljivo odabrane i sve su u skladu s propisima navedenim u \u010dlanku 2.<\/p>\r\n<p>&nbsp;<\/p>\r\n<p><strong>KR\u0160ENJE PRIVATNOSTI PODATAKA<\/strong><\/p>\r\n<p>O svakom kr\u0161enju privatnosti podataka iz na\u0161e baze ili baze bilo kojeg od na\u0161ih partnera obavijestit \u0107emo sve relevantne osobe i nadle\u017ena tijela u roku od 72 sata od prekr\u0161aja, ako je o\u010digledno da su ukradeni podaci spremljeni na na\u010din da se mo\u017ee otkriti identitet vlasnika podataka.<\/p>\r\n<p>&nbsp;<\/p>\r\n<p><strong>PROMJENE IZJAVE O PRIVATNOSTI<\/strong><\/p>\r\n<p>Ova izjava o privatnosti mo\u017ee se s vremena na vrijeme mijenjati u skladu s zakonodavstvom ili razvojem industrije. Ne\u0107emo eksplicitno obavijestiti na\u0161e klijente ili korisnike web stranica o tim promjenama. Umjesto toga, preporu\u010dujemo da povremeno provjeravate ovu stranicu za sve izmjene izjave.<\/p>\r\n<p>&nbsp;<\/p>\r\n<p>[\/vc_column_text][vc_column_text]<\/p>\r\n<p><strong>O politici kola\u010di\u0107a<\/strong><\/p>\r\n<p>Ova Pravila o kola\u010di\u0107ima obja\u0161njavaju \u0161to su kola\u010di\u0107i i kako ih koristimo. Trebali biste pro\u010ditati ovo pravilo da biste shvatili \u0161to su kola\u010di\u0107i, kako ih koristimo, vrste kola\u010di\u0107a koje koristimo, tj. Podatke koje prikupljamo pomo\u0107u kola\u010di\u0107a i kako se te informacije koriste i kako kontrolirati postavke kola\u010di\u0107a. Za dodatne informacije o tome kako koristimo, pohranjujemo i \u010duvamo va\u0161e osobne podatke, pogledajte na\u0161u Politiku privatnosti.<\/p>\r\n<p>Mo\u017eete u bilo kojem trenutku promijeniti ili povu\u0107i svoj pristanak iz Izjave o kola\u010di\u0107ima na na\u0161oj web stranici.<\/p>\r\n<p>Saznajte vi\u0161e o tome tko smo, kako nas mo\u017eete kontaktirati i kako obra\u0111ujemo osobne podatke u na\u0161im Pravilima o privatnosti.<\/p>\r\n<p>Va\u0161 pristanak odnosi se na sljede\u0107e domene: <a href=\"https:\/\/rozenice.hr\/\">https:\/\/rozenice.hr\/<\/a><\/p>\r\n<div class=\"cli_user_consent_state\">Your current state: No consent given. <a class=\"cli_manage_current_consent\" style=\"cursor:pointer;text-decoration:underline;\">Manage your consent.<\/a> <\/div>\r\n<p><strong>\u0160to su kola\u010di\u0107i?<\/strong><\/p>\r\n<p>Kola\u010di\u0107i su male tekstualne datoteke koje se koriste za pohranu malih dijelova informacija. Kola\u010di\u0107i se pohranjuju na va\u0161 ure\u0111aj kada se web stranica u\u010dita u va\u0161 preglednik. Ovi kola\u010di\u0107i poma\u017eu nam da ispravno funkcioniramo web mjesto, u\u010dinimo web mjesto sigurnijim, pru\u017eamo bolje korisni\u010dko iskustvo i razumijemo kako web mjesto funkcionira i analiziramo \u0161to radi i gdje treba pobolj\u0161ati.<\/p>\r\n<p><strong>Kako koristimo kola\u010di\u0107e?<\/strong><\/p>\r\n<p>Kao i ve\u0107ina internetskih usluga, na\u0161a web stranica koristi kola\u010di\u0107e prve i tre\u0107e strane u brojne svrhe. Kola\u010di\u0107i prve strane uglavnom su potrebni da web mjesto funkcionira na pravi na\u010din i ne prikupljaju nikakve va\u0161e osobne podatke.<\/p>\r\n<p>Kola\u010di\u0107i tre\u0107e strane koji se upotrebljavaju na na\u0161im web stranicama uglavnom se koriste za razumijevanje izvedbe web mjesta, interakcije s na\u0161om web stranicom, odr\u017eavanje na\u0161ih usluga sigurnim, pru\u017eanje reklama koje su relevantne za vas i sve u svemu pru\u017eamo vam bolje i bolje korisni\u010dko iskustvo i pomo\u0107i vam da ubrzate budu\u0107e interakcije s na\u0161om web stranicom.<\/p>\r\n<p><strong>Koje vrste kola\u010di\u0107a koristimo?<\/strong><\/p>\r\n<p>Bitno: Neki su kola\u010di\u0107i klju\u010dni kako biste mogli do\u017eivjeti potpunu funkcionalnost na\u0161e web stranice. Omogu\u0107uju nam odr\u017eavanje korisni\u010dkih sesija i sprje\u010davanje bilo kakvih sigurnosnih prijetnji. Ne prikupljaju niti pohranjuju nikakve osobne podatke. Na primjer, ti kola\u010di\u0107i omogu\u0107uju vam da se prijavite na svoj ra\u010dun te dodate proizvode u svoju ko\u0161aricu i na siguran na\u010din.<\/p>\r\n<p>Statisti\u010dki podaci: Ovi kola\u010di\u0107i pohranjuju informacije poput broja posjetitelja web stranice, broja jedinstvenih posjetitelja, koje su stranice posje\u0107ene, izvor posjete itd. Ovi nam podaci poma\u017eu da razumijemo i analiziramo uspje\u0161nost web stranice i tamo gdje treba pobolj\u0161anje.<\/p>\r\n<p>Marketing: Na\u0161a web stranica prikazuje oglase. Ovi kola\u010di\u0107i koriste se za personaliziranije reklama koje vam prikazujemo tako da vam imaju smisla. Ovi kola\u010di\u0107i tako\u0111er nam poma\u017eu da pratimo u\u010dinkovitost ovih oglasnih kampanja.<\/p>\r\n<p>Informacije pohranjene u ovim kola\u010di\u0107ima tre\u0107i proizvo\u0111a\u010di oglasa mogu tako\u0111er koristiti za prikazivanje oglasa na ostalim web lokacijama u pregledniku.<\/p>\r\n<p>Funkcionalni: Ovo su kola\u010di\u0107i koji poma\u017eu odre\u0111ene nebitne funkcionalnosti na na\u0161oj web stranici. Te funkcionalnosti uklju\u010duju ugradnju sadr\u017eaja poput videozapisa ili dijeljenje sadr\u017eaja na web mjestu na platformama dru\u0161tvenih medija.<\/p>\r\n<p>Postavke: Ovi kola\u010di\u0107i poma\u017eu nam da pohranimo va\u0161e postavke i postavke pretra\u017eivanja poput preferencija jezika, tako da imate bolje i efikasnije iskustvo budu\u0107ih posjeta web mjestu.<\/p>\r\n\r\n<p><strong>Kako mogu kontrolirati postavke kola\u010di\u0107a?<\/strong><\/p>\r\n<p>Ako odlu\u010dite naknadno promijeniti svoje postavke tijekom sesije pregledavanja, na zaslonu mo\u017eete kliknuti karticu &#8220;Privatnost i kola\u010di\u0107i&#8221;. Ovo \u0107e opet prikazati obavijest o pristanku koja \u0107e vam omogu\u0107iti da promijenite svoje postavke ili u potpunosti povu\u010dete svoj pristanak.<\/p>\r\n<p>Uz to, razli\u010diti preglednici pru\u017eaju razli\u010dite metode za blokiranje i brisanje kola\u010di\u0107a koje koriste web stranice. Mo\u017eete promijeniti postavke preglednika da biste blokirali \/ izbrisali kola\u010di\u0107e. Da biste saznali vi\u0161e o upravljanju i brisanju kola\u010di\u0107a, posjetite <a href=\"http:\/\/wikipedia.org\">wikipedia.org<\/a>, <a href=\"www.allaboutcookies.org\">www.allaboutcookies.org<\/a>.<\/p>\r\n<p>&nbsp;<\/p>\r\n<p>[\/vc_column_text][\/vc_column][\/vc_row]<\/p><\/section>","protected":false},"excerpt":{"rendered":"<p>[vc_row][vc_column][vc_column_text] PO\u0160TUJEMO VA\u0160U PRIVATNOST I ZATO SU VA\u0160I PODACI KOD NAS SIGURNI Vlasnik ovih web stranica je mje\u0161oviti pjeva\u010dki zbor Rozenice. Va\u0161i podaci obra\u0111ivat \u0107e se<span class=\"excerpt-hellip\"> [\u2026]<\/span><\/p>\n","protected":false},"author":1,"featured_media":0,"parent":0,"menu_order":0,"comment_status":"closed","ping_status":"open","template":"","meta":{"footnotes":""},"class_list":["post-850","page","type-page","status-publish","hentry"],"yoast_head":"<!-- This site is optimized with the Yoast SEO plugin v25.8 - https:\/\/yoast.com\/wordpress\/plugins\/seo\/ -->\n<title>Pravila privatnosti - Ro\u017eenice.hr<\/title>\n<meta name=\"robots\" content=\"index, follow, max-snippet:-1, max-image-preview:large, max-video-preview:-1\" \/>\n<link rel=\"canonical\" href=\"https:\/\/rozenice.hr\/en\/pravila-privatnosti\/\" \/>\n<meta property=\"og:locale\" content=\"en_US\" \/>\n<meta property=\"og:type\" content=\"article\" \/>\n<meta property=\"og:title\" content=\"Pravila privatnosti - Ro\u017eenice.hr\" \/>\n<meta property=\"og:description\" content=\"[vc_row][vc_column][vc_column_text] PO\u0160TUJEMO VA\u0160U PRIVATNOST I ZATO SU VA\u0160I PODACI KOD NAS SIGURNI Vlasnik ovih web stranica je mje\u0161oviti pjeva\u010dki zbor Rozenice. Va\u0161i podaci obra\u0111ivat \u0107e se [\u2026]\" \/>\n<meta property=\"og:url\" content=\"https:\/\/rozenice.hr\/en\/pravila-privatnosti\/\" \/>\n<meta property=\"og:site_name\" content=\"Ro\u017eenice.hr\" \/>\n<meta property=\"article:publisher\" content=\"https:\/\/hr-hr.facebook.com\/Rozenicepazin\/\" \/>\n<meta property=\"article:modified_time\" content=\"2020-07-28T12:27:05+00:00\" \/>\n<meta name=\"twitter:card\" content=\"summary_large_image\" \/>\n<meta name=\"twitter:label1\" content=\"Est. reading time\" \/>\n\t<meta name=\"twitter:data1\" content=\"10 minutes\" \/>\n<script type=\"application\/ld+json\" class=\"yoast-schema-graph\">{\"@context\":\"https:\/\/schema.org\",\"@graph\":[{\"@type\":\"WebPage\",\"@id\":\"https:\/\/rozenice.hr\/en\/pravila-privatnosti\/\",\"url\":\"https:\/\/rozenice.hr\/en\/pravila-privatnosti\/\",\"name\":\"Pravila privatnosti - Ro\u017eenice.hr\",\"isPartOf\":{\"@id\":\"https:\/\/rozenice.hr\/en\/#website\"},\"datePublished\":\"2020-01-22T11:28:58+00:00\",\"dateModified\":\"2020-07-28T12:27:05+00:00\",\"breadcrumb\":{\"@id\":\"https:\/\/rozenice.hr\/en\/pravila-privatnosti\/#breadcrumb\"},\"inLanguage\":\"en-US\",\"potentialAction\":[{\"@type\":\"ReadAction\",\"target\":[\"https:\/\/rozenice.hr\/en\/pravila-privatnosti\/\"]}]},{\"@type\":\"BreadcrumbList\",\"@id\":\"https:\/\/rozenice.hr\/en\/pravila-privatnosti\/#breadcrumb\",\"itemListElement\":[{\"@type\":\"ListItem\",\"position\":1,\"name\":\"Po\u010detna stranica\",\"item\":\"https:\/\/rozenice.hr\/en\/\"},{\"@type\":\"ListItem\",\"position\":2,\"name\":\"Pravila privatnosti\"}]},{\"@type\":\"WebSite\",\"@id\":\"https:\/\/rozenice.hr\/en\/#website\",\"url\":\"https:\/\/rozenice.hr\/en\/\",\"name\":\"Ro\u017eenice.hr\",\"description\":\"Mje\u0161oviti Pjeva\u010dki Zbor \u201cRo\u017eenice\u201d Pazin\",\"publisher\":{\"@id\":\"https:\/\/rozenice.hr\/en\/#organization\"},\"potentialAction\":[{\"@type\":\"SearchAction\",\"target\":{\"@type\":\"EntryPoint\",\"urlTemplate\":\"https:\/\/rozenice.hr\/en\/?s={search_term_string}\"},\"query-input\":{\"@type\":\"PropertyValueSpecification\",\"valueRequired\":true,\"valueName\":\"search_term_string\"}}],\"inLanguage\":\"en-US\"},{\"@type\":\"Organization\",\"@id\":\"https:\/\/rozenice.hr\/en\/#organization\",\"name\":\"Mje\u0161oviti pjeva\u010dki zbor \u201cRo\u017eenice\u201d Pazin\",\"url\":\"https:\/\/rozenice.hr\/en\/\",\"logo\":{\"@type\":\"ImageObject\",\"inLanguage\":\"en-US\",\"@id\":\"https:\/\/rozenice.hr\/en\/#\/schema\/logo\/image\/\",\"url\":\"https:\/\/rozenice.hr\/wp-content\/uploads\/2020\/04\/footer-logo-rozenice-2.png\",\"contentUrl\":\"https:\/\/rozenice.hr\/wp-content\/uploads\/2020\/04\/footer-logo-rozenice-2.png\",\"width\":550,\"height\":138,\"caption\":\"Mje\u0161oviti pjeva\u010dki zbor \u201cRo\u017eenice\u201d Pazin\"},\"image\":{\"@id\":\"https:\/\/rozenice.hr\/en\/#\/schema\/logo\/image\/\"},\"sameAs\":[\"https:\/\/hr-hr.facebook.com\/Rozenicepazin\/\",\"https:\/\/www.instagram.com\/rozeniceofficial\/\",\"https:\/\/www.youtube.com\/channel\/UCJUvwYuzIxUFjQNH_6XaTTQ\/about\"]}]}<\/script>\n<!-- \/ Yoast SEO plugin. -->","yoast_head_json":{"title":"Pravila privatnosti - Ro\u017eenice.hr","robots":{"index":"index","follow":"follow","max-snippet":"max-snippet:-1","max-image-preview":"max-image-preview:large","max-video-preview":"max-video-preview:-1"},"canonical":"https:\/\/rozenice.hr\/en\/pravila-privatnosti\/","og_locale":"en_US","og_type":"article","og_title":"Pravila privatnosti - Ro\u017eenice.hr","og_description":"[vc_row][vc_column][vc_column_text] PO\u0160TUJEMO VA\u0160U PRIVATNOST I ZATO SU VA\u0160I PODACI KOD NAS SIGURNI Vlasnik ovih web stranica je mje\u0161oviti pjeva\u010dki zbor Rozenice. Va\u0161i podaci obra\u0111ivat \u0107e se [\u2026]","og_url":"https:\/\/rozenice.hr\/en\/pravila-privatnosti\/","og_site_name":"Ro\u017eenice.hr","article_publisher":"https:\/\/hr-hr.facebook.com\/Rozenicepazin\/","article_modified_time":"2020-07-28T12:27:05+00:00","twitter_card":"summary_large_image","twitter_misc":{"Est. reading time":"10 minutes"},"schema":{"@context":"https:\/\/schema.org","@graph":[{"@type":"WebPage","@id":"https:\/\/rozenice.hr\/en\/pravila-privatnosti\/","url":"https:\/\/rozenice.hr\/en\/pravila-privatnosti\/","name":"Pravila privatnosti - Ro\u017eenice.hr","isPartOf":{"@id":"https:\/\/rozenice.hr\/en\/#website"},"datePublished":"2020-01-22T11:28:58+00:00","dateModified":"2020-07-28T12:27:05+00:00","breadcrumb":{"@id":"https:\/\/rozenice.hr\/en\/pravila-privatnosti\/#breadcrumb"},"inLanguage":"en-US","potentialAction":[{"@type":"ReadAction","target":["https:\/\/rozenice.hr\/en\/pravila-privatnosti\/"]}]},{"@type":"BreadcrumbList","@id":"https:\/\/rozenice.hr\/en\/pravila-privatnosti\/#breadcrumb","itemListElement":[{"@type":"ListItem","position":1,"name":"Po\u010detna stranica","item":"https:\/\/rozenice.hr\/en\/"},{"@type":"ListItem","position":2,"name":"Pravila privatnosti"}]},{"@type":"WebSite","@id":"https:\/\/rozenice.hr\/en\/#website","url":"https:\/\/rozenice.hr\/en\/","name":"Ro\u017eenice.hr","description":"Mje\u0161oviti Pjeva\u010dki Zbor \u201cRo\u017eenice\u201d Pazin","publisher":{"@id":"https:\/\/rozenice.hr\/en\/#organization"},"potentialAction":[{"@type":"SearchAction","target":{"@type":"EntryPoint","urlTemplate":"https:\/\/rozenice.hr\/en\/?s={search_term_string}"},"query-input":{"@type":"PropertyValueSpecification","valueRequired":true,"valueName":"search_term_string"}}],"inLanguage":"en-US"},{"@type":"Organization","@id":"https:\/\/rozenice.hr\/en\/#organization","name":"Mje\u0161oviti pjeva\u010dki zbor \u201cRo\u017eenice\u201d Pazin","url":"https:\/\/rozenice.hr\/en\/","logo":{"@type":"ImageObject","inLanguage":"en-US","@id":"https:\/\/rozenice.hr\/en\/#\/schema\/logo\/image\/","url":"https:\/\/rozenice.hr\/wp-content\/uploads\/2020\/04\/footer-logo-rozenice-2.png","contentUrl":"https:\/\/rozenice.hr\/wp-content\/uploads\/2020\/04\/footer-logo-rozenice-2.png","width":550,"height":138,"caption":"Mje\u0161oviti pjeva\u010dki zbor \u201cRo\u017eenice\u201d Pazin"},"image":{"@id":"https:\/\/rozenice.hr\/en\/#\/schema\/logo\/image\/"},"sameAs":["https:\/\/hr-hr.facebook.com\/Rozenicepazin\/","https:\/\/www.instagram.com\/rozeniceofficial\/","https:\/\/www.youtube.com\/channel\/UCJUvwYuzIxUFjQNH_6XaTTQ\/about"]}]}},"_links":{"self":[{"href":"https:\/\/rozenice.hr\/en\/wp-json\/wp\/v2\/pages\/850","targetHints":{"allow":["GET"]}}],"collection":[{"href":"https:\/\/rozenice.hr\/en\/wp-json\/wp\/v2\/pages"}],"about":[{"href":"https:\/\/rozenice.hr\/en\/wp-json\/wp\/v2\/types\/page"}],"author":[{"embeddable":true,"href":"https:\/\/rozenice.hr\/en\/wp-json\/wp\/v2\/users\/1"}],"replies":[{"embeddable":true,"href":"https:\/\/rozenice.hr\/en\/wp-json\/wp\/v2\/comments?post=850"}],"version-history":[{"count":1,"href":"https:\/\/rozenice.hr\/en\/wp-json\/wp\/v2\/pages\/850\/revisions"}],"predecessor-version":[{"id":862,"href":"https:\/\/rozenice.hr\/en\/wp-json\/wp\/v2\/pages\/850\/revisions\/862"}],"wp:attachment":[{"href":"https:\/\/rozenice.hr\/en\/wp-json\/wp\/v2\/media?parent=850"}],"curies":[{"name":"wp","href":"https:\/\/api.w.org\/{rel}","templated":true}]}}